{"id":20,"date":"2023-09-24T05:49:22","date_gmt":"2023-09-24T05:49:22","guid":{"rendered":"https:\/\/themeholy.com\/wordpress\/artraz\/?page_id=20"},"modified":"2024-08-29T16:26:47","modified_gmt":"2024-08-29T16:26:47","slug":"iletisim-2","status":"publish","type":"page","link":"https:\/\/vintagemimarlik.com\/de\/iletisim-2\/","title":{"rendered":"\u0130LET\u0130\u015e\u0130M"},"content":{"rendered":"\t\t<div data-elementor-type=\"wp-page\" data-elementor-id=\"20\" class=\"elementor elementor-20\">\n\t\t\t\t<div class=\"elementor-element elementor-element-c442d2d animated-slow e-flex e-con-boxed elementor-invisible e-con e-parent\" data-id=\"c442d2d\" data-element_type=\"container\" data-settings=\"{&quot;animation&quot;:&quot;slideInUp&quot;}\">\n\t\t\t\t\t<div class=\"e-con-inner\">\n\t\t\t\t<div class=\"elementor-element elementor-element-ecb568b elementor-widget elementor-widget-artrazcontactinfo\" data-id=\"ecb568b\" data-element_type=\"widget\" data-widget_type=\"artrazcontactinfo.default\">\n\t\t\t\t<div class=\"elementor-widget-container\">\n\t\t\t\t\t        \t\t\t<div class=\"footer-info-box\">\n\t\t\t\t<div class=\"row gx-0 justify-content-between\">\n\t\t\t\t\t<div class=\"col-lg-4 col-sm-auto\">\n\t\t\t\t\t\t<div class=\"footer-box\">\n\t\t\t\t\t\t\t<h6 class=\"footer-info has-icon\">\n\t\t\t\t\t\t\t\t<i class=\"far fa-envelope\"><\/i>\t\t\t\t\t\t\t\t<a class=\"link\" href=\"mailto:info@vintagemimarlik.com\">info@vintagemimarlik.com<\/a>\n\t\t\t\t\t\t\t\t<a class=\"link\" href=\"mailto:\"><\/a>\n\t\t\t\t\t\t\t<\/h6>\n\t\t\t\t\t\t<\/div>\n\t\t\t\t\t<\/div>\n\t\t\t\t\t<div class=\"col-lg-4 col-md order-3 order-md-0\">\n\t\t\t\t\t\t<div class=\"footer-box\">\n\t\t\t\t\t\t\t<h6 class=\"footer-info has-icon\">\n\t\t\t\t\t\t\t\t<i class=\"far fa-phone\"><\/i>\t\t\t\t\t\t\t\t<a class=\"link\" href=\"tel:02128120911\">0 (212) 812 09 11<\/a>\n\t\t\t\t\t\t\t\t<a class=\"link\" href=\"tel:\"><\/a>\n\t\t\t\t\t\t\t<\/h6>\n\t\t\t\t\t\t<\/div>\n\t\t\t\t\t<\/div>\n\t\t\t\t\t<div class=\"col-lg-4 col-sm-auto\">\n\t\t\t\t\t\t<div class=\"footer-box\">\n\t\t\t\t\t\t\t<h6 class=\"footer-info has-icon\">\n\t\t\t\t\t\t\t\t<i class=\"far fa-location-dot\"><\/i>\t\t\t\t\t\t\t\t<a class=\"link\" href=\"https:\/\/maps.app.goo.gl\/4MVeT63eTZzntBJX7\">Sahil, Kocatepe Cd. Duru \u0130\u015f Merkezi No:293 A1-5, 34520 Beylikd\u00fcz\u00fc\/\u0130stanbul<\/a>\n\t\t\t\t\t\t\t<\/h6>\n\t\t\t\t\t\t<\/div>\n\t\t\t\t\t<\/div>\n\t\t\t\t<\/div>\n\t\t\t<\/div>\n\n\t\t\t\t\t\t<\/div>\n\t\t\t\t<\/div>\n\t\t\t\t\t<\/div>\n\t\t\t\t<\/div>\n\t\t<div class=\"elementor-element elementor-element-9012051 e-flex e-con-boxed e-con e-parent\" data-id=\"9012051\" data-element_type=\"container\">\n\t\t\t\t\t<div class=\"e-con-inner\">\n\t\t<div class=\"elementor-element elementor-element-71e8ba1 e-con-full animated-slow e-flex elementor-invisible e-con e-child\" data-id=\"71e8ba1\" data-element_type=\"container\" data-settings=\"{&quot;animation&quot;:&quot;slideInUp&quot;}\">\n\t\t\t\t<div class=\"elementor-element elementor-element-9ec15f5 elementor-widget elementor-widget-artrazsectiontitle\" data-id=\"9ec15f5\" data-element_type=\"widget\" data-widget_type=\"artrazsectiontitle.default\">\n\t\t\t\t<div class=\"elementor-widget-container\">\n\t\t\t\t\t\t\t<div class=\"sec-title-area\">\n\n\t\t\t<h2 class=\"sec-title\">MESAJ G\u00d6NDER\u0130N <br><span class=\"text-theme\">B\u0130RKL\u0130KTE TASARLAYALIM.<\/span><\/h2>\t\t<\/div>\n\n\t\t\t\t\t<\/div>\n\t\t\t\t<\/div>\n\t\t\t\t<div class=\"elementor-element elementor-element-9019167 elementor-widget elementor-widget-artrazcontactform\" data-id=\"9019167\" data-element_type=\"widget\" data-widget_type=\"artrazcontactform.default\">\n\t\t\t\t<div class=\"elementor-widget-container\">\n\t\t\t\t\t\n\t\t\t\t\t<div class=\"contact-form ajax-contact\">\n\t\t\t\t\n<div class=\"wpcf7 no-js\" id=\"wpcf7-f2235-o1\" lang=\"tr-TR\" dir=\"ltr\" data-wpcf7-id=\"2235\">\n<div class=\"screen-reader-response\"><p role=\"status\" aria-live=\"polite\" aria-atomic=\"true\"><\/p> <ul><\/ul><\/div>\n<form action=\"\/de\/wp-json\/wp\/v2\/pages\/20#wpcf7-f2235-o1\" method=\"post\" class=\"wpcf7-form init\" aria-label=\"Contact form\" novalidate=\"novalidate\" data-status=\"init\">\n<div style=\"display: none;\">\n<input type=\"hidden\" name=\"_wpcf7\" value=\"2235\" \/>\n<input type=\"hidden\" name=\"_wpcf7_version\" value=\"6.0.4\" \/>\n<input type=\"hidden\" name=\"_wpcf7_locale\" value=\"tr_TR\" \/>\n<input type=\"hidden\" name=\"_wpcf7_unit_tag\" value=\"wpcf7-f2235-o1\" \/>\n<input type=\"hidden\" name=\"_wpcf7_container_post\" value=\"0\" \/>\n<input type=\"hidden\" name=\"_wpcf7_posted_data_hash\" value=\"\" \/>\n<\/div>\n<label> Ad\u0131n\u0131z\n    <span class=\"wpcf7-form-control-wrap\" data-name=\"your-name\"><input size=\"40\" maxlength=\"400\" class=\"wpcf7-form-control wpcf7-text wpcf7-validates-as-required\" autocomplete=\"name\" aria-required=\"true\" aria-invalid=\"false\" value=\"\" type=\"text\" name=\"your-name\" \/><\/span> <\/label>\n\n<label> Mail Adresiniz\n    <span class=\"wpcf7-form-control-wrap\" data-name=\"your-email\"><input size=\"40\" maxlength=\"400\" class=\"wpcf7-form-control wpcf7-email wpcf7-validates-as-required wpcf7-text wpcf7-validates-as-email\" autocomplete=\"email\" aria-required=\"true\" aria-invalid=\"false\" value=\"\" type=\"email\" name=\"your-email\" \/><\/span> <\/label>\n\n<label> Konu\n    <span class=\"wpcf7-form-control-wrap\" data-name=\"your-subject\"><input size=\"40\" maxlength=\"400\" class=\"wpcf7-form-control wpcf7-text wpcf7-validates-as-required\" aria-required=\"true\" aria-invalid=\"false\" value=\"\" type=\"text\" name=\"your-subject\" \/><\/span> <\/label>\n\n<label> Mesaj\u0131n\u0131z (optional)\n    <span class=\"wpcf7-form-control-wrap\" data-name=\"your-message\"><textarea cols=\"40\" rows=\"10\" maxlength=\"2000\" class=\"wpcf7-form-control wpcf7-textarea\" aria-invalid=\"false\" name=\"your-message\"><\/textarea><\/span> <\/label>\n\n<input class=\"wpcf7-form-control wpcf7-submit has-spinner\" type=\"submit\" value=\"Submit\" \/><div class=\"wpcf7-response-output\" aria-hidden=\"true\"><\/div>\n<\/form>\n<\/div>\n            <\/div>\n\t    \t \n\t    \t\t\t\t<\/div>\n\t\t\t\t<\/div>\n\t\t\t\t<\/div>\n\t\t<div class=\"elementor-element elementor-element-b95732f e-con-full animated-slow e-flex elementor-invisible e-con e-child\" data-id=\"b95732f\" data-element_type=\"container\" data-settings=\"{&quot;animation&quot;:&quot;slideInUp&quot;}\">\n\t\t\t\t<div class=\"elementor-element elementor-element-719018a elementor-widget elementor-widget-google_maps\" data-id=\"719018a\" data-element_type=\"widget\" data-widget_type=\"google_maps.default\">\n\t\t\t\t<div class=\"elementor-widget-container\">\n\t\t\t\t\t\t\t<div class=\"elementor-custom-embed\">\n\t\t\t<iframe loading=\"lazy\"\n\t\t\t\t\tsrc=\"https:\/\/maps.google.com\/maps?q=XMF3%2BJX%20Beylikd%C3%BCz%C3%BC%2C%20%C4%B0stanbul&#038;t=m&#038;z=14&#038;output=embed&#038;iwloc=near\"\n\t\t\t\t\ttitle=\"XMF3+JX Beylikd\u00fcz\u00fc, \u0130stanbul\"\n\t\t\t\t\taria-label=\"XMF3+JX Beylikd\u00fcz\u00fc, \u0130stanbul\"\n\t\t\t><\/iframe>\n\t\t<\/div>\n\t\t\t\t\t\t<\/div>\n\t\t\t\t<\/div>\n\t\t\t\t<\/div>\n\t\t\t\t\t<\/div>\n\t\t\t\t<\/div>\n\t\t\t\t<\/div>\n\t\t","protected":false},"excerpt":{"rendered":"<p>info@vintagemimarlik.com 0 (212) 812 09 11 Sahil, Kocatepe Cd. Duru \u0130\u015f Merkezi No:293 A1-5, 34520 Beylikd\u00fcz\u00fc\/\u0130stanbul MESAJ G\u00d6NDER\u0130N B\u0130RKL\u0130KTE TASARLAYALIM. Your name Your email Subject Your message (optional)<\/p>\n","protected":false},"author":1,"featured_media":0,"parent":0,"menu_order":0,"comment_status":"closed","ping_status":"closed","template":"template-builder.php","meta":{"_joinchat":[],"footnotes":""},"class_list":["post-20","page","type-page","status-publish","hentry"],"translation":{"provider":"WPGlobus","version":"3.0.0","language":"de","enabled_languages":["en","es","de","fr","ru"],"languages":{"en":{"title":true,"content":true,"excerpt":false},"es":{"title":false,"content":false,"excerpt":false},"de":{"title":false,"content":false,"excerpt":false},"fr":{"title":false,"content":false,"excerpt":false},"ru":{"title":false,"content":false,"excerpt":false}}},"yoast_head":"<!-- This site is optimized with the Yoast SEO plugin v24.6 - https:\/\/yoast.com\/wordpress\/plugins\/seo\/ -->\n<title>\u0130LET\u0130\u015e\u0130M - Vintage Mimarl\u0131k<\/title>\n<meta name=\"robots\" content=\"index, follow, max-snippet:-1, max-image-preview:large, max-video-preview:-1\" \/>\n<link rel=\"canonical\" href=\"https:\/\/vintagemimarlik.com\/iletisim-2\/\" \/>\n<meta property=\"og:locale\" content=\"de_DE\" \/>\n<meta property=\"og:type\" content=\"article\" \/>\n<meta property=\"og:title\" content=\"\u0130LET\u0130\u015e\u0130M - Vintage Mimarl\u0131k\" \/>\n<meta property=\"og:url\" content=\"https:\/\/vintagemimarlik.com\/iletisim-2\/\" \/>\n<meta property=\"og:site_name\" content=\"Vintage Mimarl\u0131k\" \/>\n<meta property=\"article:modified_time\" content=\"2024-08-29T16:26:47+00:00\" \/>\n<meta name=\"twitter:card\" content=\"summary_large_image\" \/>\n<meta name=\"twitter:label1\" content=\"Est. reading time\" \/>\n\t<meta name=\"twitter:data1\" content=\"1 minute\" \/>\n<script type=\"application\/ld+json\" class=\"yoast-schema-graph\">{\"@context\":\"https:\/\/schema.org\",\"@graph\":[{\"@type\":\"WebPage\",\"@id\":\"https:\/\/vintagemimarlik.com\/iletisim-2\/\",\"url\":\"https:\/\/vintagemimarlik.com\/iletisim-2\/\",\"name\":\"\u0130LET\u0130\u015e\u0130M - Vintage Mimarl\u0131k\",\"isPartOf\":{\"@id\":\"https:\/\/vintagemimarlik.com\/#website\"},\"datePublished\":\"2023-09-24T05:49:22+00:00\",\"dateModified\":\"2024-08-29T16:26:47+00:00\",\"breadcrumb\":{\"@id\":\"https:\/\/vintagemimarlik.com\/iletisim-2\/#breadcrumb\"},\"inLanguage\":\"de-DE\",\"potentialAction\":[{\"@type\":\"ReadAction\",\"target\":[\"https:\/\/vintagemimarlik.com\/iletisim-2\/\"]}]},{\"@type\":\"BreadcrumbList\",\"@id\":\"https:\/\/vintagemimarlik.com\/iletisim-2\/#breadcrumb\",\"itemListElement\":[{\"@type\":\"ListItem\",\"position\":1,\"name\":\"Anasayfa\",\"item\":\"https:\/\/vintagemimarlik.com\/\"},{\"@type\":\"ListItem\",\"position\":2,\"name\":\"\u0130LET\u0130\u015e\u0130M\"}]},{\"@type\":\"WebSite\",\"@id\":\"https:\/\/vintagemimarlik.com\/#website\",\"url\":\"https:\/\/vintagemimarlik.com\/\",\"name\":\"Vintage Mimarl\u0131k\",\"description\":\"Mimar\u0131 Tasar\u0131m\u0131n Adresi\",\"publisher\":{\"@id\":\"https:\/\/vintagemimarlik.com\/#organization\"},\"potentialAction\":[{\"@type\":\"SearchAction\",\"target\":{\"@type\":\"EntryPoint\",\"urlTemplate\":\"https:\/\/vintagemimarlik.com\/?s={search_term_string}\"},\"query-input\":{\"@type\":\"PropertyValueSpecification\",\"valueRequired\":true,\"valueName\":\"search_term_string\"}}],\"inLanguage\":\"de-DE\"},{\"@type\":\"Organization\",\"@id\":\"https:\/\/vintagemimarlik.com\/#organization\",\"name\":\"Vintage Mimarl\u0131k\",\"url\":\"https:\/\/vintagemimarlik.com\/\",\"logo\":{\"@type\":\"ImageObject\",\"inLanguage\":\"de-DE\",\"@id\":\"https:\/\/vintagemimarlik.com\/#\/schema\/logo\/image\/\",\"url\":\"https:\/\/vintagemimarlik.com\/wp-content\/uploads\/2024\/08\/cropped-efba9e2b-1c75-4c19-b685-154d6e8dd21e-removebg-preview-e1724067119183.png\",\"contentUrl\":\"https:\/\/vintagemimarlik.com\/wp-content\/uploads\/2024\/08\/cropped-efba9e2b-1c75-4c19-b685-154d6e8dd21e-removebg-preview-e1724067119183.png\",\"width\":243,\"height\":87,\"caption\":\"Vintage Mimarl\u0131k\"},\"image\":{\"@id\":\"https:\/\/vintagemimarlik.com\/#\/schema\/logo\/image\/\"}}]}<\/script>\n<!-- \/ Yoast SEO plugin. -->","yoast_head_json":{"title":"\u0130LET\u0130\u015e\u0130M - Vintage Mimarl\u0131k","robots":{"index":"index","follow":"follow","max-snippet":"max-snippet:-1","max-image-preview":"max-image-preview:large","max-video-preview":"max-video-preview:-1"},"canonical":"https:\/\/vintagemimarlik.com\/iletisim-2\/","og_locale":"de_DE","og_type":"article","og_title":"\u0130LET\u0130\u015e\u0130M - Vintage Mimarl\u0131k","og_url":"https:\/\/vintagemimarlik.com\/iletisim-2\/","og_site_name":"Vintage Mimarl\u0131k","article_modified_time":"2024-08-29T16:26:47+00:00","twitter_card":"summary_large_image","twitter_misc":{"Est. reading time":"1 minute"},"schema":{"@context":"https:\/\/schema.org","@graph":[{"@type":"WebPage","@id":"https:\/\/vintagemimarlik.com\/iletisim-2\/","url":"https:\/\/vintagemimarlik.com\/iletisim-2\/","name":"\u0130LET\u0130\u015e\u0130M - Vintage Mimarl\u0131k","isPartOf":{"@id":"https:\/\/vintagemimarlik.com\/#website"},"datePublished":"2023-09-24T05:49:22+00:00","dateModified":"2024-08-29T16:26:47+00:00","breadcrumb":{"@id":"https:\/\/vintagemimarlik.com\/iletisim-2\/#breadcrumb"},"inLanguage":"de-DE","potentialAction":[{"@type":"ReadAction","target":["https:\/\/vintagemimarlik.com\/iletisim-2\/"]}]},{"@type":"BreadcrumbList","@id":"https:\/\/vintagemimarlik.com\/iletisim-2\/#breadcrumb","itemListElement":[{"@type":"ListItem","position":1,"name":"Anasayfa","item":"https:\/\/vintagemimarlik.com\/"},{"@type":"ListItem","position":2,"name":"\u0130LET\u0130\u015e\u0130M"}]},{"@type":"WebSite","@id":"https:\/\/vintagemimarlik.com\/#website","url":"https:\/\/vintagemimarlik.com\/","name":"Vintage Mimarl\u0131k","description":"Mimar\u0131 Tasar\u0131m\u0131n Adresi","publisher":{"@id":"https:\/\/vintagemimarlik.com\/#organization"},"potentialAction":[{"@type":"SearchAction","target":{"@type":"EntryPoint","urlTemplate":"https:\/\/vintagemimarlik.com\/?s={search_term_string}"},"query-input":{"@type":"PropertyValueSpecification","valueRequired":true,"valueName":"search_term_string"}}],"inLanguage":"de-DE"},{"@type":"Organization","@id":"https:\/\/vintagemimarlik.com\/#organization","name":"Vintage Mimarl\u0131k","url":"https:\/\/vintagemimarlik.com\/","logo":{"@type":"ImageObject","inLanguage":"de-DE","@id":"https:\/\/vintagemimarlik.com\/#\/schema\/logo\/image\/","url":"https:\/\/vintagemimarlik.com\/wp-content\/uploads\/2024\/08\/cropped-efba9e2b-1c75-4c19-b685-154d6e8dd21e-removebg-preview-e1724067119183.png","contentUrl":"https:\/\/vintagemimarlik.com\/wp-content\/uploads\/2024\/08\/cropped-efba9e2b-1c75-4c19-b685-154d6e8dd21e-removebg-preview-e1724067119183.png","width":243,"height":87,"caption":"Vintage Mimarl\u0131k"},"image":{"@id":"https:\/\/vintagemimarlik.com\/#\/schema\/logo\/image\/"}}]}},"_links":{"self":[{"href":"https:\/\/vintagemimarlik.com\/de\/wp-json\/wp\/v2\/pages\/20","targetHints":{"allow":["GET"]}}],"collection":[{"href":"https:\/\/vintagemimarlik.com\/de\/wp-json\/wp\/v2\/pages"}],"about":[{"href":"https:\/\/vintagemimarlik.com\/de\/wp-json\/wp\/v2\/types\/page"}],"author":[{"embeddable":true,"href":"https:\/\/vintagemimarlik.com\/de\/wp-json\/wp\/v2\/users\/1"}],"replies":[{"embeddable":true,"href":"https:\/\/vintagemimarlik.com\/de\/wp-json\/wp\/v2\/comments?post=20"}],"version-history":[{"count":19,"href":"https:\/\/vintagemimarlik.com\/de\/wp-json\/wp\/v2\/pages\/20\/revisions"}],"predecessor-version":[{"id":2567,"href":"https:\/\/vintagemimarlik.com\/de\/wp-json\/wp\/v2\/pages\/20\/revisions\/2567"}],"wp:attachment":[{"href":"https:\/\/vintagemimarlik.com\/de\/wp-json\/wp\/v2\/media?parent=20"}],"curies":[{"name":"wp","href":"https:\/\/api.w.org\/{rel}","templated":true}]}}