{"id":39,"date":"2023-09-24T05:51:11","date_gmt":"2023-09-24T05:51:11","guid":{"rendered":"https:\/\/themeholy.com\/wordpress\/artraz\/?page_id=39"},"modified":"2023-09-24T05:51:11","modified_gmt":"2023-09-24T05:51:11","slug":"service-details","status":"publish","type":"page","link":"https:\/\/vintagemimarlik.com\/de\/service-details\/","title":{"rendered":"Service Details"},"content":{"rendered":"\t\t<div data-elementor-type=\"wp-page\" data-elementor-id=\"39\" class=\"elementor elementor-39\">\n\t\t\t\t<div class=\"elementor-element elementor-element-bf1b8a1 e-flex e-con-boxed e-con e-parent\" data-id=\"bf1b8a1\" data-element_type=\"container\">\n\t\t\t\t\t<div class=\"e-con-inner\">\n\t\t<div class=\"elementor-element elementor-element-79cda7f e-con-full e-flex e-con e-child\" data-id=\"79cda7f\" data-element_type=\"container\">\n\t\t\t\t<div class=\"elementor-element elementor-element-0ee7ac5 elementor-widget elementor-widget-image\" data-id=\"0ee7ac5\" data-element_type=\"widget\" data-widget_type=\"image.default\">\n\t\t\t\t<div class=\"elementor-widget-container\">\n\t\t\t\t\t\t\t\t\t\t\t\t\t\t\t<img decoding=\"async\" src=\"https:\/\/themeholy.com\/wordpress\/artraz\/wp-content\/uploads\/2023\/09\/service_details.jpg\" title=\"\" alt=\"\" loading=\"lazy\" \/>\t\t\t\t\t\t\t\t\t\t\t\t\t\t\t<\/div>\n\t\t\t\t<\/div>\n\t\t\t\t<div class=\"elementor-element elementor-element-f697d78 elementor-widget elementor-widget-heading\" data-id=\"f697d78\" data-element_type=\"widget\" data-widget_type=\"heading.default\">\n\t\t\t\t<div class=\"elementor-widget-container\">\n\t\t\t\t\t<h3 class=\"elementor-heading-title elementor-size-default\">Interior Design<\/h3>\t\t\t\t<\/div>\n\t\t\t\t<\/div>\n\t\t\t\t<div class=\"elementor-element elementor-element-9d6173e elementor-widget elementor-widget-text-editor\" data-id=\"9d6173e\" data-element_type=\"widget\" data-widget_type=\"text-editor.default\">\n\t\t\t\t<div class=\"elementor-widget-container\">\n\t\t\t\t\t\t\t\t\t<div><div>Continually myocardinate holistic mindshare with client-based web services. Assertively e-enable catalysts for change before fully tested markets. Phosfluorescently maintain wireless scenarios after intermandated applications. Conveniently predominate revolutionary quality vectors through future-proof manufactured products. Enthusiastically transform distinctive collaboration.<\/div><div>\u00a0<\/div><\/div><div><div><div>Intrinsicly coordinate multifunctional functionalities reliable potentialities. Objectively envisioneer high in convergence through collaborative networks. Interactively generate B2C e-tailers for business data restore fully researched relationships through resource maximizing results.<\/div><\/div><\/div>\t\t\t\t\t\t\t\t<\/div>\n\t\t\t\t<\/div>\n\t\t<div class=\"elementor-element elementor-element-ed89d95 e-con-full e-flex e-con e-child\" data-id=\"ed89d95\" data-element_type=\"container\">\n\t\t<div class=\"elementor-element elementor-element-23d9c91 e-con-full e-flex e-con e-child\" data-id=\"23d9c91\" data-element_type=\"container\">\n\t\t\t\t<div class=\"elementor-element elementor-element-171cf64 elementor-widget elementor-widget-image\" data-id=\"171cf64\" data-element_type=\"widget\" data-widget_type=\"image.default\">\n\t\t\t\t<div class=\"elementor-widget-container\">\n\t\t\t\t\t\t\t\t\t\t\t\t\t\t\t<img decoding=\"async\" src=\"https:\/\/themeholy.com\/wordpress\/artraz\/wp-content\/uploads\/2023\/09\/service_inner_1.png\" title=\"\" alt=\"\" loading=\"lazy\" \/>\t\t\t\t\t\t\t\t\t\t\t\t\t\t\t<\/div>\n\t\t\t\t<\/div>\n\t\t\t\t<\/div>\n\t\t<div class=\"elementor-element elementor-element-76712ba e-con-full e-flex e-con e-child\" data-id=\"76712ba\" data-element_type=\"container\">\n\t\t\t\t<div class=\"elementor-element elementor-element-4df5631 elementor-widget elementor-widget-heading\" data-id=\"4df5631\" data-element_type=\"widget\" data-widget_type=\"heading.default\">\n\t\t\t\t<div class=\"elementor-widget-container\">\n\t\t\t\t\t<h4 class=\"elementor-heading-title elementor-size-default\">Planning the environment<\/h4>\t\t\t\t<\/div>\n\t\t\t\t<\/div>\n\t\t\t\t<div class=\"elementor-element elementor-element-acba8d3 elementor-widget elementor-widget-heading\" data-id=\"acba8d3\" data-element_type=\"widget\" data-widget_type=\"heading.default\">\n\t\t\t\t<div class=\"elementor-widget-container\">\n\t\t\t\t\t<h5 class=\"elementor-heading-title elementor-size-default\">Design Approach<\/h5>\t\t\t\t<\/div>\n\t\t\t\t<\/div>\n\t\t\t\t<div class=\"elementor-element elementor-element-7022a39 elementor-widget elementor-widget-text-editor\" data-id=\"7022a39\" data-element_type=\"widget\" data-widget_type=\"text-editor.default\">\n\t\t\t\t<div class=\"elementor-widget-container\">\n\t\t\t\t\t\t\t\t\tEnthusiastically promote one-to-one synergy and resource maximizing products.\t\t\t\t\t\t\t\t<\/div>\n\t\t\t\t<\/div>\n\t\t\t\t<div class=\"elementor-element elementor-element-8f560e7 elementor-widget elementor-widget-heading\" data-id=\"8f560e7\" data-element_type=\"widget\" data-widget_type=\"heading.default\">\n\t\t\t\t<div class=\"elementor-widget-container\">\n\t\t\t\t\t<h5 class=\"elementor-heading-title elementor-size-default\">Innovative Solutions<\/h5>\t\t\t\t<\/div>\n\t\t\t\t<\/div>\n\t\t\t\t<div class=\"elementor-element elementor-element-fff8f52 elementor-widget elementor-widget-text-editor\" data-id=\"fff8f52\" data-element_type=\"widget\" data-widget_type=\"text-editor.default\">\n\t\t\t\t<div class=\"elementor-widget-container\">\n\t\t\t\t\t\t\t\t\tEnthusiastically promote one-to-one synergy and resource maximizing products.\t\t\t\t\t\t\t\t<\/div>\n\t\t\t\t<\/div>\n\t\t\t\t<div class=\"elementor-element elementor-element-7deb30f elementor-widget elementor-widget-heading\" data-id=\"7deb30f\" data-element_type=\"widget\" data-widget_type=\"heading.default\">\n\t\t\t\t<div class=\"elementor-widget-container\">\n\t\t\t\t\t<h5 class=\"elementor-heading-title elementor-size-default\">Project Management<\/h5>\t\t\t\t<\/div>\n\t\t\t\t<\/div>\n\t\t\t\t<div class=\"elementor-element elementor-element-479c287 elementor-widget elementor-widget-text-editor\" data-id=\"479c287\" data-element_type=\"widget\" data-widget_type=\"text-editor.default\">\n\t\t\t\t<div class=\"elementor-widget-container\">\n\t\t\t\t\t\t\t\t\t<p>Enthusiastically promote one-to-one synergy and resource maximizing products.<\/p>\t\t\t\t\t\t\t\t<\/div>\n\t\t\t\t<\/div>\n\t\t\t\t<\/div>\n\t\t\t\t<\/div>\n\t\t\t\t<div class=\"elementor-element elementor-element-9e0f5af elementor-widget elementor-widget-heading\" data-id=\"9e0f5af\" data-element_type=\"widget\" data-widget_type=\"heading.default\">\n\t\t\t\t<div class=\"elementor-widget-container\">\n\t\t\t\t\t<h3 class=\"elementor-heading-title elementor-size-default\">3 SIMPLE STEPS TO PROCESS<\/h3>\t\t\t\t<\/div>\n\t\t\t\t<\/div>\n\t\t\t\t<div class=\"elementor-element elementor-element-4a583ba elementor-widget elementor-widget-text-editor\" data-id=\"4a583ba\" data-element_type=\"widget\" data-widget_type=\"text-editor.default\">\n\t\t\t\t<div class=\"elementor-widget-container\">\n\t\t\t\t\t\t\t\t\tAssertively e-enable catalysts for change before fully tested markets. Phosfluorescently maintain wireless scenarios after intermandated applications. Conveniently predominate revolutionary quality vectors through future-proof manufactured products. Enthusiastically transform distinctive collaboration.\n<br><br>\n\nPhosfluorescently maintain wireless scenarios after intermandated applications. Conveniently predominate revolutionary quality vectors through future-proof manufactured products.\t\t\t\t\t\t\t\t<\/div>\n\t\t\t\t<\/div>\n\t\t<div class=\"elementor-element elementor-element-05a0c77 e-con-full e-flex e-con e-child\" data-id=\"05a0c77\" data-element_type=\"container\">\n\t\t<div class=\"elementor-element elementor-element-ad75172 e-con-full e-flex e-con e-child\" data-id=\"ad75172\" data-element_type=\"container\">\n\t\t\t\t<div class=\"elementor-element elementor-element-ffce3aa elementor-widget elementor-widget-image\" data-id=\"ffce3aa\" data-element_type=\"widget\" data-widget_type=\"image.default\">\n\t\t\t\t<div class=\"elementor-widget-container\">\n\t\t\t\t\t\t\t\t\t\t\t\t\t\t\t<img decoding=\"async\" src=\"https:\/\/themeholy.com\/wordpress\/artraz\/wp-content\/uploads\/2023\/09\/service_inner_2.jpg\" title=\"\" alt=\"\" loading=\"lazy\" \/>\t\t\t\t\t\t\t\t\t\t\t\t\t\t\t<\/div>\n\t\t\t\t<\/div>\n\t\t\t\t<\/div>\n\t\t<div class=\"elementor-element elementor-element-ec8c0b7 e-con-full e-flex e-con e-child\" data-id=\"ec8c0b7\" data-element_type=\"container\">\n\t\t\t\t<div class=\"elementor-element elementor-element-7fab159 elementor-widget elementor-widget-image\" data-id=\"7fab159\" data-element_type=\"widget\" data-widget_type=\"image.default\">\n\t\t\t\t<div class=\"elementor-widget-container\">\n\t\t\t\t\t\t\t\t\t\t\t\t\t\t\t<img decoding=\"async\" src=\"https:\/\/themeholy.com\/wordpress\/artraz\/wp-content\/uploads\/2023\/09\/service_inner_3.jpg\" title=\"\" alt=\"\" loading=\"lazy\" \/>\t\t\t\t\t\t\t\t\t\t\t\t\t\t\t<\/div>\n\t\t\t\t<\/div>\n\t\t\t\t<\/div>\n\t\t\t\t<\/div>\n\t\t\t\t<div class=\"elementor-element elementor-element-f23d9fd elementor-widget elementor-widget-text-editor\" data-id=\"f23d9fd\" data-element_type=\"widget\" data-widget_type=\"text-editor.default\">\n\t\t\t\t<div class=\"elementor-widget-container\">\n\t\t\t\t\t\t\t\t\tConveniently predominate revolutionary quality vectors through future-proof manufactured products. Objectively envisioneer high in convergence through collaborative networks. Interactively generate B2C tailers for business data restore fully researched relationships through.\t\t\t\t\t\t\t\t<\/div>\n\t\t\t\t<\/div>\n\t\t\t\t<\/div>\n\t\t<div class=\"elementor-element elementor-element-78545b7 e-con-full e-flex e-con e-child\" data-id=\"78545b7\" data-element_type=\"container\">\n\t\t<div class=\"elementor-element elementor-element-0a6bb30 e-con-full e-flex e-con e-child\" data-id=\"0a6bb30\" data-element_type=\"container\">\n\t\t\t\t<div class=\"elementor-element elementor-element-89d8887 widget widget_search    elementor-widget elementor-widget-wp-widget-artraz_search_form_widget\" data-id=\"89d8887\" data-element_type=\"widget\" data-widget_type=\"wp-widget-artraz_search_form_widget.default\">\n\t\t\t\t<div class=\"elementor-widget-container\">\n\t\t\t\t\t<form class=\"search-form\" action=\"https:\/\/vintagemimarlik.com\/de\/\"><input type=\"text\" name=\"s\" placeholder=\"Search&#8230;\"><button type=\"submit\"><i class=\"far fa-search\"><\/i><\/button><\/form>\t\t\t\t<\/div>\n\t\t\t\t<\/div>\n\t\t\t\t<\/div>\n\t\t<div class=\"elementor-element elementor-element-64a8ca1 e-con-full e-flex e-con e-child\" data-id=\"64a8ca1\" data-element_type=\"container\">\n\t\t\t\t<div class=\"elementor-element elementor-element-d590728 widget widget_categories  title-widget elementor-widget elementor-widget-wp-widget-artraz_category_list_widget\" data-id=\"d590728\" data-element_type=\"widget\" data-widget_type=\"wp-widget-artraz_category_list_widget.default\">\n\t\t\t\t<div class=\"elementor-widget-container\">\n\t\t\t\t\t<h5>Categories <\/h5>\n            <ul>\n            \t                <li>\n                    <a href=\"https:\/\/vintagemimarlik.com\/de\/category\/architecture\/\">Architecture<\/a>\n                <\/li>\n            \t                <li>\n                    <a href=\"https:\/\/vintagemimarlik.com\/de\/category\/interdisciplinary\/\">Interdisciplinary<\/a>\n                <\/li>\n            \t                <li>\n                    <a href=\"https:\/\/vintagemimarlik.com\/de\/category\/interior-design\/\">Interior Design<\/a>\n                <\/li>\n            \t                <li>\n                    <a href=\"https:\/\/vintagemimarlik.com\/de\/category\/landscape\/\">Landscape<\/a>\n                <\/li>\n            \t                <li>\n                    <a href=\"https:\/\/vintagemimarlik.com\/de\/category\/uncategorized\/\">Uncategorized<\/a>\n                <\/li>\n            \t                <li>\n                    <a href=\"https:\/\/vintagemimarlik.com\/de\/category\/urban-interventions\/\">Urban Interventions<\/a>\n                <\/li>\n            \t            <\/ul>\n\t\t\t\t\t\t<\/div>\n\t\t\t\t<\/div>\n\t\t\t\t<\/div>\n\t\t<div class=\"elementor-element elementor-element-054166e e-con-full e-flex e-con e-child\" data-id=\"054166e\" data-element_type=\"container\">\n\t\t\t\t<div class=\"elementor-element elementor-element-8b07248 elementor-widget elementor-widget-artrazdownloadbutton\" data-id=\"8b07248\" data-element_type=\"widget\" data-widget_type=\"artrazdownloadbutton.default\">\n\t\t\t\t<div class=\"elementor-widget-container\">\n\t\t\t\t\t\n        <div class=\"widget widget_download  \">\n            <h4 class=\"widget_title\">Download<\/h4>\n            <div class=\"donwload-media-wrap\">\n                                <div class=\"download-media\">\n                    <div class=\"download-media_icon\">\n                        <i class=\"fal fa-file-pdf\"><\/i>                    <\/div>\n                    <div class=\"download-media_info\">\n                        <h5 class=\"download-media_title\">Our Brochures<\/h5>\n                        <span class=\"download-media_text\">Download<\/span>\n                    <\/div>\n                    <a href=\"https:\/\/themeholy.com\/wordpress\/artraz\/wp-content\/uploads\/2023\/09\/text_bg_1.jpg\" class=\"download-media_btn\"><i class=\"far fa-arrow-right\"><\/i><\/a>\n                <\/div>\n                                <div class=\"download-media\">\n                    <div class=\"download-media_icon\">\n                        <i class=\"fal fa-file-lines\"><\/i>                    <\/div>\n                    <div class=\"download-media_info\">\n                        <h5 class=\"download-media_title\">Company Details<\/h5>\n                        <span class=\"download-media_text\">Download<\/span>\n                    <\/div>\n                    <a href=\"https:\/\/themeholy.com\/wordpress\/artraz\/wp-content\/uploads\/2023\/09\/text_bg_1.jpg\" class=\"download-media_btn\"><i class=\"far fa-arrow-right\"><\/i><\/a>\n                <\/div>\n                        <\/div>\n\n        \t\t\t\t<\/div>\n\t\t\t\t<\/div>\n\t\t\t\t<\/div>\n\t\t\t\t<div class=\"elementor-element elementor-element-9ff6b6e widget   elementor-widget elementor-widget-wp-widget-artraz_offer_banner_widget\" data-id=\"9ff6b6e\" data-element_type=\"widget\" data-widget_type=\"wp-widget-artraz_offer_banner_widget.default\">\n\t\t\t\t<div class=\"elementor-widget-container\">\n\t\t\t\t\t                <div class=\"widget-banner\">\n                    <h4 class=\"title\" data-bg-src=\"https:\/\/themeholy.com\/wordpress\/artraz\/wp-content\/uploads\/2023\/09\/widget_banner.jpg\">BEST ARCHITECTURE <br> <span class=\"text-transparent\">SERVICES<\/span><\/h4>\n                    <div class=\"content\">\n                        <div>\n                            <a href=\"tel:(123)45678900\" class=\"link\"><i class=\"fas fa-phone\"><\/i>(123) 4567 8900<\/a>\n                        <\/div>\n                        <p class=\"text\">Monday \u2013 Friday: 7:00 am -8:00 pm 24\/7 Emergency Service<\/p>\n                                                    <a href=\"https:\/\/themeholy.com\/wordpress\/artraz\/about\/\" class=\"th-btn\"><span class=\"line left\"><\/span>  About Us <span class=\"line\"><\/span><\/a>\n                                            <\/div>\n                <\/div>\n\n        \t\t\t\t\t<\/div>\n\t\t\t\t<\/div>\n\t\t\t\t<\/div>\n\t\t\t\t\t<\/div>\n\t\t\t\t<\/div>\n\t\t\t\t<\/div>\n\t\t","protected":false},"excerpt":{"rendered":"<p>Interior Design Continually myocardinate holistic mindshare with client-based web services. Assertively e-enable catalysts for change before fully tested markets. Phosfluorescently maintain wireless scenarios after intermandated applications. Conveniently predominate revolutionary quality vectors through future-proof manufactured products. Enthusiastically transform distinctive collaboration.\u00a0Intrinsicly coordinate multifunctional functionalities reliable potentialities. Objectively envisioneer high in convergence through collaborative networks. Interactively generate B2C&#8230;<\/p>\n","protected":false},"author":1,"featured_media":0,"parent":0,"menu_order":0,"comment_status":"closed","ping_status":"closed","template":"template-builder.php","meta":{"_joinchat":[],"footnotes":""},"class_list":["post-39","page","type-page","status-publish","hentry"],"translation":{"provider":"WPGlobus","version":"3.0.0","language":"de","enabled_languages":["en","es","de","fr","ru"],"languages":{"en":{"title":true,"content":true,"excerpt":false},"es":{"title":false,"content":false,"excerpt":false},"de":{"title":false,"content":false,"excerpt":false},"fr":{"title":false,"content":false,"excerpt":false},"ru":{"title":false,"content":false,"excerpt":false}}},"yoast_head":"<!-- This site is optimized with the Yoast SEO plugin v24.6 - https:\/\/yoast.com\/wordpress\/plugins\/seo\/ -->\n<title>Service Details - Vintage Mimarl\u0131k<\/title>\n<meta name=\"robots\" content=\"index, follow, max-snippet:-1, max-image-preview:large, max-video-preview:-1\" \/>\n<link rel=\"canonical\" href=\"https:\/\/vintagemimarlik.com\/service-details\/\" \/>\n<meta property=\"og:locale\" content=\"de_DE\" \/>\n<meta property=\"og:type\" content=\"article\" \/>\n<meta property=\"og:title\" content=\"Service Details - Vintage Mimarl\u0131k\" \/>\n<meta property=\"og:url\" content=\"https:\/\/vintagemimarlik.com\/service-details\/\" \/>\n<meta property=\"og:site_name\" content=\"Vintage Mimarl\u0131k\" \/>\n<meta property=\"og:image\" content=\"https:\/\/themeholy.com\/wordpress\/artraz\/wp-content\/uploads\/2023\/09\/service_details.jpg\" \/>\n<meta name=\"twitter:card\" content=\"summary_large_image\" \/>\n<meta name=\"twitter:label1\" content=\"Est. reading time\" \/>\n\t<meta name=\"twitter:data1\" content=\"1 minute\" \/>\n<script type=\"application\/ld+json\" class=\"yoast-schema-graph\">{\"@context\":\"https:\/\/schema.org\",\"@graph\":[{\"@type\":\"WebPage\",\"@id\":\"https:\/\/vintagemimarlik.com\/service-details\/\",\"url\":\"https:\/\/vintagemimarlik.com\/service-details\/\",\"name\":\"Service Details - Vintage Mimarl\u0131k\",\"isPartOf\":{\"@id\":\"https:\/\/vintagemimarlik.com\/#website\"},\"primaryImageOfPage\":{\"@id\":\"https:\/\/vintagemimarlik.com\/service-details\/#primaryimage\"},\"image\":{\"@id\":\"https:\/\/vintagemimarlik.com\/service-details\/#primaryimage\"},\"thumbnailUrl\":\"https:\/\/themeholy.com\/wordpress\/artraz\/wp-content\/uploads\/2023\/09\/service_details.jpg\",\"datePublished\":\"2023-09-24T05:51:11+00:00\",\"breadcrumb\":{\"@id\":\"https:\/\/vintagemimarlik.com\/service-details\/#breadcrumb\"},\"inLanguage\":\"de-DE\",\"potentialAction\":[{\"@type\":\"ReadAction\",\"target\":[\"https:\/\/vintagemimarlik.com\/service-details\/\"]}]},{\"@type\":\"ImageObject\",\"inLanguage\":\"de-DE\",\"@id\":\"https:\/\/vintagemimarlik.com\/service-details\/#primaryimage\",\"url\":\"https:\/\/themeholy.com\/wordpress\/artraz\/wp-content\/uploads\/2023\/09\/service_details.jpg\",\"contentUrl\":\"https:\/\/themeholy.com\/wordpress\/artraz\/wp-content\/uploads\/2023\/09\/service_details.jpg\"},{\"@type\":\"BreadcrumbList\",\"@id\":\"https:\/\/vintagemimarlik.com\/service-details\/#breadcrumb\",\"itemListElement\":[{\"@type\":\"ListItem\",\"position\":1,\"name\":\"Anasayfa\",\"item\":\"https:\/\/vintagemimarlik.com\/\"},{\"@type\":\"ListItem\",\"position\":2,\"name\":\"Service Details\"}]},{\"@type\":\"WebSite\",\"@id\":\"https:\/\/vintagemimarlik.com\/#website\",\"url\":\"https:\/\/vintagemimarlik.com\/\",\"name\":\"Vintage Mimarl\u0131k\",\"description\":\"Mimar\u0131 Tasar\u0131m\u0131n Adresi\",\"publisher\":{\"@id\":\"https:\/\/vintagemimarlik.com\/#organization\"},\"potentialAction\":[{\"@type\":\"SearchAction\",\"target\":{\"@type\":\"EntryPoint\",\"urlTemplate\":\"https:\/\/vintagemimarlik.com\/?s={search_term_string}\"},\"query-input\":{\"@type\":\"PropertyValueSpecification\",\"valueRequired\":true,\"valueName\":\"search_term_string\"}}],\"inLanguage\":\"de-DE\"},{\"@type\":\"Organization\",\"@id\":\"https:\/\/vintagemimarlik.com\/#organization\",\"name\":\"Vintage Mimarl\u0131k\",\"url\":\"https:\/\/vintagemimarlik.com\/\",\"logo\":{\"@type\":\"ImageObject\",\"inLanguage\":\"de-DE\",\"@id\":\"https:\/\/vintagemimarlik.com\/#\/schema\/logo\/image\/\",\"url\":\"https:\/\/vintagemimarlik.com\/wp-content\/uploads\/2024\/08\/cropped-efba9e2b-1c75-4c19-b685-154d6e8dd21e-removebg-preview-e1724067119183.png\",\"contentUrl\":\"https:\/\/vintagemimarlik.com\/wp-content\/uploads\/2024\/08\/cropped-efba9e2b-1c75-4c19-b685-154d6e8dd21e-removebg-preview-e1724067119183.png\",\"width\":243,\"height\":87,\"caption\":\"Vintage Mimarl\u0131k\"},\"image\":{\"@id\":\"https:\/\/vintagemimarlik.com\/#\/schema\/logo\/image\/\"}}]}<\/script>\n<!-- \/ Yoast SEO plugin. -->","yoast_head_json":{"title":"Service Details - Vintage Mimarl\u0131k","robots":{"index":"index","follow":"follow","max-snippet":"max-snippet:-1","max-image-preview":"max-image-preview:large","max-video-preview":"max-video-preview:-1"},"canonical":"https:\/\/vintagemimarlik.com\/service-details\/","og_locale":"de_DE","og_type":"article","og_title":"Service Details - Vintage Mimarl\u0131k","og_url":"https:\/\/vintagemimarlik.com\/service-details\/","og_site_name":"Vintage Mimarl\u0131k","og_image":[{"url":"https:\/\/themeholy.com\/wordpress\/artraz\/wp-content\/uploads\/2023\/09\/service_details.jpg","type":"","width":"","height":""}],"twitter_card":"summary_large_image","twitter_misc":{"Est. reading time":"1 minute"},"schema":{"@context":"https:\/\/schema.org","@graph":[{"@type":"WebPage","@id":"https:\/\/vintagemimarlik.com\/service-details\/","url":"https:\/\/vintagemimarlik.com\/service-details\/","name":"Service Details - Vintage Mimarl\u0131k","isPartOf":{"@id":"https:\/\/vintagemimarlik.com\/#website"},"primaryImageOfPage":{"@id":"https:\/\/vintagemimarlik.com\/service-details\/#primaryimage"},"image":{"@id":"https:\/\/vintagemimarlik.com\/service-details\/#primaryimage"},"thumbnailUrl":"https:\/\/themeholy.com\/wordpress\/artraz\/wp-content\/uploads\/2023\/09\/service_details.jpg","datePublished":"2023-09-24T05:51:11+00:00","breadcrumb":{"@id":"https:\/\/vintagemimarlik.com\/service-details\/#breadcrumb"},"inLanguage":"de-DE","potentialAction":[{"@type":"ReadAction","target":["https:\/\/vintagemimarlik.com\/service-details\/"]}]},{"@type":"ImageObject","inLanguage":"de-DE","@id":"https:\/\/vintagemimarlik.com\/service-details\/#primaryimage","url":"https:\/\/themeholy.com\/wordpress\/artraz\/wp-content\/uploads\/2023\/09\/service_details.jpg","contentUrl":"https:\/\/themeholy.com\/wordpress\/artraz\/wp-content\/uploads\/2023\/09\/service_details.jpg"},{"@type":"BreadcrumbList","@id":"https:\/\/vintagemimarlik.com\/service-details\/#breadcrumb","itemListElement":[{"@type":"ListItem","position":1,"name":"Anasayfa","item":"https:\/\/vintagemimarlik.com\/"},{"@type":"ListItem","position":2,"name":"Service Details"}]},{"@type":"WebSite","@id":"https:\/\/vintagemimarlik.com\/#website","url":"https:\/\/vintagemimarlik.com\/","name":"Vintage Mimarl\u0131k","description":"Mimar\u0131 Tasar\u0131m\u0131n Adresi","publisher":{"@id":"https:\/\/vintagemimarlik.com\/#organization"},"potentialAction":[{"@type":"SearchAction","target":{"@type":"EntryPoint","urlTemplate":"https:\/\/vintagemimarlik.com\/?s={search_term_string}"},"query-input":{"@type":"PropertyValueSpecification","valueRequired":true,"valueName":"search_term_string"}}],"inLanguage":"de-DE"},{"@type":"Organization","@id":"https:\/\/vintagemimarlik.com\/#organization","name":"Vintage Mimarl\u0131k","url":"https:\/\/vintagemimarlik.com\/","logo":{"@type":"ImageObject","inLanguage":"de-DE","@id":"https:\/\/vintagemimarlik.com\/#\/schema\/logo\/image\/","url":"https:\/\/vintagemimarlik.com\/wp-content\/uploads\/2024\/08\/cropped-efba9e2b-1c75-4c19-b685-154d6e8dd21e-removebg-preview-e1724067119183.png","contentUrl":"https:\/\/vintagemimarlik.com\/wp-content\/uploads\/2024\/08\/cropped-efba9e2b-1c75-4c19-b685-154d6e8dd21e-removebg-preview-e1724067119183.png","width":243,"height":87,"caption":"Vintage Mimarl\u0131k"},"image":{"@id":"https:\/\/vintagemimarlik.com\/#\/schema\/logo\/image\/"}}]}},"_links":{"self":[{"href":"https:\/\/vintagemimarlik.com\/de\/wp-json\/wp\/v2\/pages\/39","targetHints":{"allow":["GET"]}}],"collection":[{"href":"https:\/\/vintagemimarlik.com\/de\/wp-json\/wp\/v2\/pages"}],"about":[{"href":"https:\/\/vintagemimarlik.com\/de\/wp-json\/wp\/v2\/types\/page"}],"author":[{"embeddable":true,"href":"https:\/\/vintagemimarlik.com\/de\/wp-json\/wp\/v2\/users\/1"}],"replies":[{"embeddable":true,"href":"https:\/\/vintagemimarlik.com\/de\/wp-json\/wp\/v2\/comments?post=39"}],"version-history":[{"count":0,"href":"https:\/\/vintagemimarlik.com\/de\/wp-json\/wp\/v2\/pages\/39\/revisions"}],"wp:attachment":[{"href":"https:\/\/vintagemimarlik.com\/de\/wp-json\/wp\/v2\/media?parent=39"}],"curies":[{"name":"wp","href":"https:\/\/api.w.org\/{rel}","templated":true}]}}