{"id":38,"date":"2023-09-24T05:51:03","date_gmt":"2023-09-24T05:51:03","guid":{"rendered":"https:\/\/themeholy.com\/wordpress\/artraz\/?page_id=38"},"modified":"2023-09-24T05:51:03","modified_gmt":"2023-09-24T05:51:03","slug":"services","status":"publish","type":"page","link":"https:\/\/vintagemimarlik.com\/es\/services\/","title":{"rendered":"Services"},"content":{"rendered":"\t\t<div data-elementor-type=\"wp-page\" data-elementor-id=\"38\" class=\"elementor elementor-38\">\n\t\t\t\t<div class=\"elementor-element elementor-element-06d82cf animated-slow e-flex e-con-boxed elementor-invisible e-con e-parent\" data-id=\"06d82cf\" data-element_type=\"container\" data-settings=\"{&quot;animation&quot;:&quot;slideInUp&quot;}\">\n\t\t\t\t\t<div class=\"e-con-inner\">\n\t\t\t\t<div class=\"elementor-element elementor-element-66b3376 elementor-widget elementor-widget-artrazservice\" data-id=\"66b3376\" data-element_type=\"widget\" data-widget_type=\"artrazservice.default\">\n\t\t\t\t<div class=\"elementor-widget-container\">\n\t\t\t\t\t\n        \t\t\t\t\t\t\t<div class=\"row gy-4\">\n\t\t\t\t\t\t\t\t\t\t\t<div class=\"col-md-6 col-lg-4\">\n\t\t\t\t\t<div class=\"service-card\">\n\t\t\t\t\t\t<div class=\"service-card_icon\">\n\t\t\t\t\t\t\t<img decoding=\"async\" src=\"https:\/\/themeholy.com\/wordpress\/artraz\/wp-content\/uploads\/2023\/09\/service_1_1.svg\" alt=\"service_1_1\"  class=\"svg-img\" \/>\t\t\t\t\t\t<\/div>\n\t\t\t\t\t\t\t\t\t\t\t\t\t<p class=\"service-card_num\">01<\/p>\n\t\t\t\t\t\t\t\t\t\t\t\t<h3 class=\"service-card_title\">Architecture<\/h3>\n\t\t\t\t\t\t<p class=\"service-card_text\">We see architecture as the composition of all elements that define a particular space and inform the character of a building.<\/p>\n\t\t\t\t\t<\/div>\n\t\t\t\t<\/div>\n\t\t\t\t\t\t\t\t<div class=\"col-md-6 col-lg-4\">\n\t\t\t\t\t<div class=\"service-card\">\n\t\t\t\t\t\t<div class=\"service-card_icon\">\n\t\t\t\t\t\t\t<img decoding=\"async\" src=\"https:\/\/themeholy.com\/wordpress\/artraz\/wp-content\/uploads\/2023\/09\/service_1_2.svg\" alt=\"service_1_2\"  class=\"svg-img\" \/>\t\t\t\t\t\t<\/div>\n\t\t\t\t\t\t\t\t\t\t\t\t\t<p class=\"service-card_num\">02<\/p>\n\t\t\t\t\t\t\t\t\t\t\t\t<h3 class=\"service-card_title\">Interior Design<\/h3>\n\t\t\t\t\t\t<p class=\"service-card_text\">In Order architecture as the composition of all elements that define a particular space and inform the character of a interior.<\/p>\n\t\t\t\t\t<\/div>\n\t\t\t\t<\/div>\n\t\t\t\t\t\t\t\t<div class=\"col-md-6 col-lg-4\">\n\t\t\t\t\t<div class=\"service-card\">\n\t\t\t\t\t\t<div class=\"service-card_icon\">\n\t\t\t\t\t\t\t<img decoding=\"async\" src=\"https:\/\/themeholy.com\/wordpress\/artraz\/wp-content\/uploads\/2023\/09\/service_1_3.svg\" alt=\"service_1_3\"  class=\"svg-img\" \/>\t\t\t\t\t\t<\/div>\n\t\t\t\t\t\t\t\t\t\t\t\t\t<p class=\"service-card_num\">03<\/p>\n\t\t\t\t\t\t\t\t\t\t\t\t<h3 class=\"service-card_title\">Urban Interventions<\/h3>\n\t\t\t\t\t\t<p class=\"service-card_text\">The Urban architecture as the composition of all elements that define a particular space and inform the character of into.<\/p>\n\t\t\t\t\t<\/div>\n\t\t\t\t<\/div>\n\t\t\t\t\t\t\t\t<div class=\"col-md-6 col-lg-4\">\n\t\t\t\t\t<div class=\"service-card\">\n\t\t\t\t\t\t<div class=\"service-card_icon\">\n\t\t\t\t\t\t\t<img decoding=\"async\" src=\"https:\/\/themeholy.com\/wordpress\/artraz\/wp-content\/uploads\/2023\/09\/service_1_4.svg\" alt=\"service_1_4\"  class=\"svg-img\" \/>\t\t\t\t\t\t<\/div>\n\t\t\t\t\t\t\t\t\t\t\t\t\t<p class=\"service-card_num\">04<\/p>\n\t\t\t\t\t\t\t\t\t\t\t\t<h3 class=\"service-card_title\">Landscape Design<\/h3>\n\t\t\t\t\t\t<p class=\"service-card_text\">The Best architecture as composition of all elements that define a particular space and inform the character of a Landscape.<\/p>\n\t\t\t\t\t<\/div>\n\t\t\t\t<\/div>\n\t\t\t\t\t\t\t\t<div class=\"col-md-6 col-lg-4\">\n\t\t\t\t\t<div class=\"service-card\">\n\t\t\t\t\t\t<div class=\"service-card_icon\">\n\t\t\t\t\t\t\t<img decoding=\"async\" src=\"https:\/\/themeholy.com\/wordpress\/artraz\/wp-content\/uploads\/2023\/09\/service_1_5.svg\" alt=\"service_1_5\"  class=\"svg-img\" \/>\t\t\t\t\t\t<\/div>\n\t\t\t\t\t\t\t\t\t\t\t\t\t<p class=\"service-card_num\">05<\/p>\n\t\t\t\t\t\t\t\t\t\t\t\t<h3 class=\"service-card_title\">Interdisciple Entity<\/h3>\n\t\t\t\t\t\t<p class=\"service-card_text\">You see architecture as the composition of all elements that define a particular space and inform the character of a Gowring.<\/p>\n\t\t\t\t\t<\/div>\n\t\t\t\t<\/div>\n\t\t\t\t\t\t\t\t<div class=\"col-md-6 col-lg-4\">\n\t\t\t\t\t<div class=\"service-card\">\n\t\t\t\t\t\t<div class=\"service-card_icon\">\n\t\t\t\t\t\t\t<img decoding=\"async\" src=\"https:\/\/themeholy.com\/wordpress\/artraz\/wp-content\/uploads\/2023\/09\/service_1_6.svg\" alt=\"service_1_6\"  class=\"svg-img\" \/>\t\t\t\t\t\t<\/div>\n\t\t\t\t\t\t\t\t\t\t\t\t\t<p class=\"service-card_num\">06<\/p>\n\t\t\t\t\t\t\t\t\t\t\t\t<h3 class=\"service-card_title\">Artraz Everything<\/h3>\n\t\t\t\t\t\t<p class=\"service-card_text\">Artraz is architecture as the composition of all elements that define a particular space and inform the character of Design.<\/p>\n\t\t\t\t\t<\/div>\n\t\t\t\t<\/div>\n\t\t\t\t\t\t\t<\/div>\n\n      \t\t\t\t<\/div>\n\t\t\t\t<\/div>\n\t\t\t\t\t<\/div>\n\t\t\t\t<\/div>\n\t\t<div class=\"elementor-element elementor-element-bc3a68f animated-slow e-flex e-con-boxed elementor-invisible e-con e-parent\" data-id=\"bc3a68f\" data-element_type=\"container\" data-settings=\"{&quot;animation&quot;:&quot;slideInUp&quot;}\">\n\t\t\t\t\t<div class=\"e-con-inner\">\n\t\t<div class=\"elementor-element elementor-element-0257262 e-con-full e-flex e-con e-child\" data-id=\"0257262\" data-element_type=\"container\">\n\t\t\t\t<div class=\"elementor-element elementor-element-fcfce28 elementor-widget elementor-widget-artrazsectiontitle\" data-id=\"fcfce28\" data-element_type=\"widget\" data-widget_type=\"artrazsectiontitle.default\">\n\t\t\t\t<div class=\"elementor-widget-container\">\n\t\t\t\t\t\t\t<div class=\"title-area sec-title-area\">\n\n\t\t\t<span class=\"big-title  e-big-title\">J.<\/span><h2 class=\"sec-title\">POSITIONS   <span class=\"text-transparent\">WANTED<\/span><\/h2>\t\t<\/div>\n\n\t\t\t\t\t<\/div>\n\t\t\t\t<\/div>\n\t\t\t\t<div class=\"elementor-element elementor-element-4bb6256 elementor-widget elementor-widget-heading\" data-id=\"4bb6256\" data-element_type=\"widget\" data-widget_type=\"heading.default\">\n\t\t\t\t<div class=\"elementor-widget-container\">\n\t\t\t\t\t<p class=\"elementor-heading-title elementor-size-default\">Today was built yesterday, by looking at tomorrow<\/p>\t\t\t\t<\/div>\n\t\t\t\t<\/div>\n\t\t\t\t<\/div>\n\t\t\t\t<div class=\"elementor-element elementor-element-e5e519e elementor-widget elementor-widget-artrazjobposition\" data-id=\"e5e519e\" data-element_type=\"widget\" data-widget_type=\"artrazjobposition.default\">\n\t\t\t\t<div class=\"elementor-widget-container\">\n\t\t\t\t\t\n                <!-- <div class=\"row gy-40\"> -->\n                        <div class=\"job-list\">\n                <h3 class=\"job-list_title\">\n                                            <span class=\"job-list_num\">01<\/span>\n                                        <a href=\"https:\/\/themeholy.com\/wordpress\/artraz\/contact\/\">Senior Engineer<\/a><\/h3>\n                <span class=\"job-list_post\">Civil engineer<\/span>\n                <span class=\"job-list_time\">Full-time<\/span>\n                <a class=\"job-list_btn\" href=\"https:\/\/themeholy.com\/wordpress\/artraz\/contact\/\"><i class=\"fa-regular fa-up-right-from-square\"><\/i><\/a>\n            <\/div>\n\n                        <div class=\"job-list\">\n                <h3 class=\"job-list_title\">\n                                            <span class=\"job-list_num\">02<\/span>\n                                        <a href=\"https:\/\/themeholy.com\/wordpress\/artraz\/contact\/\">Junior Engineer<\/a><\/h3>\n                <span class=\"job-list_post\">Paint engineer<\/span>\n                <span class=\"job-list_time\">Part-time<\/span>\n                <a class=\"job-list_btn\" href=\"https:\/\/themeholy.com\/wordpress\/artraz\/contact\/\"><i class=\"fa-regular fa-up-right-from-square\"><\/i><\/a>\n            <\/div>\n\n                        <div class=\"job-list\">\n                <h3 class=\"job-list_title\">\n                                            <span class=\"job-list_num\">03<\/span>\n                                        <a href=\"https:\/\/themeholy.com\/wordpress\/artraz\/contact\/\">Senior Engineer<\/a><\/h3>\n                <span class=\"job-list_post\">Tiles engineer<\/span>\n                <span class=\"job-list_time\">Full-time<\/span>\n                <a class=\"job-list_btn\" href=\"https:\/\/themeholy.com\/wordpress\/artraz\/contact\/\"><i class=\"fa-regular fa-up-right-from-square\"><\/i><\/a>\n            <\/div>\n\n                        <div class=\"job-list\">\n                <h3 class=\"job-list_title\">\n                                            <span class=\"job-list_num\">04<\/span>\n                                        <a href=\"https:\/\/themeholy.com\/wordpress\/artraz\/contact\/\">Junior Designer<\/a><\/h3>\n                <span class=\"job-list_post\">Inerior Designer<\/span>\n                <span class=\"job-list_time\">Part-time<\/span>\n                <a class=\"job-list_btn\" href=\"https:\/\/themeholy.com\/wordpress\/artraz\/contact\/\"><i class=\"fa-regular fa-up-right-from-square\"><\/i><\/a>\n            <\/div>\n\n                        <div class=\"job-list\">\n                <h3 class=\"job-list_title\">\n                                            <span class=\"job-list_num\">05<\/span>\n                                        <a href=\"https:\/\/themeholy.com\/wordpress\/artraz\/contact\/\">Senior Engineer<\/a><\/h3>\n                <span class=\"job-list_post\">Civil engineer<\/span>\n                <span class=\"job-list_time\">Full-time<\/span>\n                <a class=\"job-list_btn\" href=\"https:\/\/themeholy.com\/wordpress\/artraz\/contact\/\"><i class=\"fa-regular fa-up-right-from-square\"><\/i><\/a>\n            <\/div>\n\n                    <!-- <\/div> -->\n\n      \t\t\t\t<\/div>\n\t\t\t\t<\/div>\n\t\t\t\t\t<\/div>\n\t\t\t\t<\/div>\n\t\t\t\t<\/div>\n\t\t","protected":false},"excerpt":{"rendered":"<p>01 Architecture We see architecture as the composition of all elements that define a particular space and inform the character of a building. 02 Interior Design In Order architecture as the composition of all elements that define a particular space and inform the character of a interior. 03 Urban Interventions The Urban architecture as the&#8230;<\/p>\n","protected":false},"author":1,"featured_media":0,"parent":0,"menu_order":0,"comment_status":"closed","ping_status":"closed","template":"template-builder.php","meta":{"_joinchat":[],"footnotes":""},"class_list":["post-38","page","type-page","status-publish","hentry"],"translation":{"provider":"WPGlobus","version":"3.0.0","language":"es","enabled_languages":["en","es","de","fr","ru"],"languages":{"en":{"title":true,"content":true,"excerpt":false},"es":{"title":false,"content":false,"excerpt":false},"de":{"title":false,"content":false,"excerpt":false},"fr":{"title":false,"content":false,"excerpt":false},"ru":{"title":false,"content":false,"excerpt":false}}},"yoast_head":"<!-- This site is optimized with the Yoast SEO plugin v24.6 - https:\/\/yoast.com\/wordpress\/plugins\/seo\/ -->\n<title>Services - Vintage Mimarl\u0131k<\/title>\n<meta name=\"robots\" content=\"index, follow, max-snippet:-1, max-image-preview:large, max-video-preview:-1\" \/>\n<link rel=\"canonical\" href=\"https:\/\/vintagemimarlik.com\/services\/\" \/>\n<meta property=\"og:locale\" content=\"es_ES\" \/>\n<meta property=\"og:type\" content=\"article\" \/>\n<meta property=\"og:title\" content=\"Services - Vintage Mimarl\u0131k\" \/>\n<meta property=\"og:url\" content=\"https:\/\/vintagemimarlik.com\/services\/\" \/>\n<meta property=\"og:site_name\" content=\"Vintage Mimarl\u0131k\" \/>\n<meta property=\"og:image\" content=\"https:\/\/themeholy.com\/wordpress\/artraz\/wp-content\/uploads\/2023\/09\/service_1_1.svg\" \/>\n<meta name=\"twitter:card\" content=\"summary_large_image\" \/>\n<meta name=\"twitter:label1\" content=\"Est. reading time\" \/>\n\t<meta name=\"twitter:data1\" content=\"1 minute\" \/>\n<script type=\"application\/ld+json\" class=\"yoast-schema-graph\">{\"@context\":\"https:\/\/schema.org\",\"@graph\":[{\"@type\":\"WebPage\",\"@id\":\"https:\/\/vintagemimarlik.com\/services\/\",\"url\":\"https:\/\/vintagemimarlik.com\/services\/\",\"name\":\"Services - Vintage Mimarl\u0131k\",\"isPartOf\":{\"@id\":\"https:\/\/vintagemimarlik.com\/#website\"},\"primaryImageOfPage\":{\"@id\":\"https:\/\/vintagemimarlik.com\/services\/#primaryimage\"},\"image\":{\"@id\":\"https:\/\/vintagemimarlik.com\/services\/#primaryimage\"},\"thumbnailUrl\":\"https:\/\/themeholy.com\/wordpress\/artraz\/wp-content\/uploads\/2023\/09\/service_1_1.svg\",\"datePublished\":\"2023-09-24T05:51:03+00:00\",\"breadcrumb\":{\"@id\":\"https:\/\/vintagemimarlik.com\/services\/#breadcrumb\"},\"inLanguage\":\"es-ES\",\"potentialAction\":[{\"@type\":\"ReadAction\",\"target\":[\"https:\/\/vintagemimarlik.com\/services\/\"]}]},{\"@type\":\"ImageObject\",\"inLanguage\":\"es-ES\",\"@id\":\"https:\/\/vintagemimarlik.com\/services\/#primaryimage\",\"url\":\"https:\/\/themeholy.com\/wordpress\/artraz\/wp-content\/uploads\/2023\/09\/service_1_1.svg\",\"contentUrl\":\"https:\/\/themeholy.com\/wordpress\/artraz\/wp-content\/uploads\/2023\/09\/service_1_1.svg\"},{\"@type\":\"BreadcrumbList\",\"@id\":\"https:\/\/vintagemimarlik.com\/services\/#breadcrumb\",\"itemListElement\":[{\"@type\":\"ListItem\",\"position\":1,\"name\":\"Anasayfa\",\"item\":\"https:\/\/vintagemimarlik.com\/\"},{\"@type\":\"ListItem\",\"position\":2,\"name\":\"Services\"}]},{\"@type\":\"WebSite\",\"@id\":\"https:\/\/vintagemimarlik.com\/#website\",\"url\":\"https:\/\/vintagemimarlik.com\/\",\"name\":\"Vintage Mimarl\u0131k\",\"description\":\"Mimar\u0131 Tasar\u0131m\u0131n Adresi\",\"publisher\":{\"@id\":\"https:\/\/vintagemimarlik.com\/#organization\"},\"potentialAction\":[{\"@type\":\"SearchAction\",\"target\":{\"@type\":\"EntryPoint\",\"urlTemplate\":\"https:\/\/vintagemimarlik.com\/?s={search_term_string}\"},\"query-input\":{\"@type\":\"PropertyValueSpecification\",\"valueRequired\":true,\"valueName\":\"search_term_string\"}}],\"inLanguage\":\"es-ES\"},{\"@type\":\"Organization\",\"@id\":\"https:\/\/vintagemimarlik.com\/#organization\",\"name\":\"Vintage Mimarl\u0131k\",\"url\":\"https:\/\/vintagemimarlik.com\/\",\"logo\":{\"@type\":\"ImageObject\",\"inLanguage\":\"es-ES\",\"@id\":\"https:\/\/vintagemimarlik.com\/#\/schema\/logo\/image\/\",\"url\":\"https:\/\/vintagemimarlik.com\/wp-content\/uploads\/2024\/08\/cropped-efba9e2b-1c75-4c19-b685-154d6e8dd21e-removebg-preview-e1724067119183.png\",\"contentUrl\":\"https:\/\/vintagemimarlik.com\/wp-content\/uploads\/2024\/08\/cropped-efba9e2b-1c75-4c19-b685-154d6e8dd21e-removebg-preview-e1724067119183.png\",\"width\":243,\"height\":87,\"caption\":\"Vintage Mimarl\u0131k\"},\"image\":{\"@id\":\"https:\/\/vintagemimarlik.com\/#\/schema\/logo\/image\/\"}}]}<\/script>\n<!-- \/ Yoast SEO plugin. -->","yoast_head_json":{"title":"Services - Vintage Mimarl\u0131k","robots":{"index":"index","follow":"follow","max-snippet":"max-snippet:-1","max-image-preview":"max-image-preview:large","max-video-preview":"max-video-preview:-1"},"canonical":"https:\/\/vintagemimarlik.com\/services\/","og_locale":"es_ES","og_type":"article","og_title":"Services - Vintage Mimarl\u0131k","og_url":"https:\/\/vintagemimarlik.com\/services\/","og_site_name":"Vintage Mimarl\u0131k","og_image":[{"url":"https:\/\/themeholy.com\/wordpress\/artraz\/wp-content\/uploads\/2023\/09\/service_1_1.svg","type":"","width":"","height":""}],"twitter_card":"summary_large_image","twitter_misc":{"Est. reading time":"1 minute"},"schema":{"@context":"https:\/\/schema.org","@graph":[{"@type":"WebPage","@id":"https:\/\/vintagemimarlik.com\/services\/","url":"https:\/\/vintagemimarlik.com\/services\/","name":"Services - Vintage Mimarl\u0131k","isPartOf":{"@id":"https:\/\/vintagemimarlik.com\/#website"},"primaryImageOfPage":{"@id":"https:\/\/vintagemimarlik.com\/services\/#primaryimage"},"image":{"@id":"https:\/\/vintagemimarlik.com\/services\/#primaryimage"},"thumbnailUrl":"https:\/\/themeholy.com\/wordpress\/artraz\/wp-content\/uploads\/2023\/09\/service_1_1.svg","datePublished":"2023-09-24T05:51:03+00:00","breadcrumb":{"@id":"https:\/\/vintagemimarlik.com\/services\/#breadcrumb"},"inLanguage":"es-ES","potentialAction":[{"@type":"ReadAction","target":["https:\/\/vintagemimarlik.com\/services\/"]}]},{"@type":"ImageObject","inLanguage":"es-ES","@id":"https:\/\/vintagemimarlik.com\/services\/#primaryimage","url":"https:\/\/themeholy.com\/wordpress\/artraz\/wp-content\/uploads\/2023\/09\/service_1_1.svg","contentUrl":"https:\/\/themeholy.com\/wordpress\/artraz\/wp-content\/uploads\/2023\/09\/service_1_1.svg"},{"@type":"BreadcrumbList","@id":"https:\/\/vintagemimarlik.com\/services\/#breadcrumb","itemListElement":[{"@type":"ListItem","position":1,"name":"Anasayfa","item":"https:\/\/vintagemimarlik.com\/"},{"@type":"ListItem","position":2,"name":"Services"}]},{"@type":"WebSite","@id":"https:\/\/vintagemimarlik.com\/#website","url":"https:\/\/vintagemimarlik.com\/","name":"Vintage Mimarl\u0131k","description":"Mimar\u0131 Tasar\u0131m\u0131n Adresi","publisher":{"@id":"https:\/\/vintagemimarlik.com\/#organization"},"potentialAction":[{"@type":"SearchAction","target":{"@type":"EntryPoint","urlTemplate":"https:\/\/vintagemimarlik.com\/?s={search_term_string}"},"query-input":{"@type":"PropertyValueSpecification","valueRequired":true,"valueName":"search_term_string"}}],"inLanguage":"es-ES"},{"@type":"Organization","@id":"https:\/\/vintagemimarlik.com\/#organization","name":"Vintage Mimarl\u0131k","url":"https:\/\/vintagemimarlik.com\/","logo":{"@type":"ImageObject","inLanguage":"es-ES","@id":"https:\/\/vintagemimarlik.com\/#\/schema\/logo\/image\/","url":"https:\/\/vintagemimarlik.com\/wp-content\/uploads\/2024\/08\/cropped-efba9e2b-1c75-4c19-b685-154d6e8dd21e-removebg-preview-e1724067119183.png","contentUrl":"https:\/\/vintagemimarlik.com\/wp-content\/uploads\/2024\/08\/cropped-efba9e2b-1c75-4c19-b685-154d6e8dd21e-removebg-preview-e1724067119183.png","width":243,"height":87,"caption":"Vintage Mimarl\u0131k"},"image":{"@id":"https:\/\/vintagemimarlik.com\/#\/schema\/logo\/image\/"}}]}},"_links":{"self":[{"href":"https:\/\/vintagemimarlik.com\/es\/wp-json\/wp\/v2\/pages\/38","targetHints":{"allow":["GET"]}}],"collection":[{"href":"https:\/\/vintagemimarlik.com\/es\/wp-json\/wp\/v2\/pages"}],"about":[{"href":"https:\/\/vintagemimarlik.com\/es\/wp-json\/wp\/v2\/types\/page"}],"author":[{"embeddable":true,"href":"https:\/\/vintagemimarlik.com\/es\/wp-json\/wp\/v2\/users\/1"}],"replies":[{"embeddable":true,"href":"https:\/\/vintagemimarlik.com\/es\/wp-json\/wp\/v2\/comments?post=38"}],"version-history":[{"count":0,"href":"https:\/\/vintagemimarlik.com\/es\/wp-json\/wp\/v2\/pages\/38\/revisions"}],"wp:attachment":[{"href":"https:\/\/vintagemimarlik.com\/es\/wp-json\/wp\/v2\/media?parent=38"}],"curies":[{"name":"wp","href":"https:\/\/api.w.org\/{rel}","templated":true}]}}