{"id":2601,"date":"2024-08-31T10:59:08","date_gmt":"2024-08-31T10:59:08","guid":{"rendered":"https:\/\/vintagemimarlik.com\/?page_id=2601"},"modified":"2024-08-31T12:09:42","modified_gmt":"2024-08-31T12:09:42","slug":"ozel-tasarimlar","status":"publish","type":"page","link":"https:\/\/vintagemimarlik.com\/fr\/ozel-tasarimlar\/","title":{"rendered":"\u00d6ZEL TASARIMLAR"},"content":{"rendered":"\t\t<div data-elementor-type=\"wp-page\" data-elementor-id=\"2601\" class=\"elementor elementor-2601\">\n\t\t\t\t<div class=\"elementor-element elementor-element-ced0b9a e-flex e-con-boxed e-con e-parent\" data-id=\"ced0b9a\" data-element_type=\"container\">\n\t\t\t\t\t<div class=\"e-con-inner\">\n\t\t\t\t<div class=\"elementor-element elementor-element-911a1aa elementor-widget elementor-widget-heading\" data-id=\"911a1aa\" data-element_type=\"widget\" data-widget_type=\"heading.default\">\n\t\t\t\t<div class=\"elementor-widget-container\">\n\t\t\t\t\t<h2 class=\"elementor-heading-title elementor-size-default\">\u00d6ZEL TASARIMLAR<\/h2>\t\t\t\t<\/div>\n\t\t\t\t<\/div>\n\t\t\t\t<div class=\"elementor-element elementor-element-7c20c78 elementor-widget elementor-widget-artrazprojects\" data-id=\"7c20c78\" data-element_type=\"widget\" data-widget_type=\"artrazprojects.default\">\n\t\t\t\t<div class=\"elementor-widget-container\">\n\t\t\t\t\t                    <div class=\"row project-slide2 th-carousel\" data-slide-show=\"2\" id=\"teamSlide1\">\n                                <div class=\"col-xxl-auto col-md-6\">\n                    <div class=\"project-box\">\n                        <div class=\"project-img\">\n                            <img decoding=\"async\" src=\"https:\/\/vintagemimarlik.com\/wp-content\/uploads\/2024\/08\/0bbe2e74c27cbb8daf5628093191a354.jpg\" alt=\"0bbe2e74c27cbb8daf5628093191a354\"  \/>                        <\/div>\n                        <div class=\"project-content\">\n                                                            <div class=\"project-number\">01<\/div>\n                                                        <h3 class=\"h5 project-title\"><a href=\"#\"><\/a><\/h3>\n                            <p class=\"project-map\"><\/p>\n                        <\/div>\n                    <\/div>\n                <\/div>\n                                <div class=\"col-xxl-auto col-md-6\">\n                    <div class=\"project-box\">\n                        <div class=\"project-img\">\n                            <img decoding=\"async\" src=\"https:\/\/vintagemimarlik.com\/wp-content\/uploads\/2024\/08\/cretevilla-greekvillasboutique20.jpg\" alt=\"cretevilla greekvillasboutique20\"  \/>                        <\/div>\n                        <div class=\"project-content\">\n                                                            <div class=\"project-number\">02<\/div>\n                                                        <h3 class=\"h5 project-title\"><a href=\"#\"><\/a><\/h3>\n                            <p class=\"project-map\"><\/p>\n                        <\/div>\n                    <\/div>\n                <\/div>\n                                <div class=\"col-xxl-auto col-md-6\">\n                    <div class=\"project-box\">\n                        <div class=\"project-img\">\n                            <img decoding=\"async\" src=\"https:\/\/vintagemimarlik.com\/wp-content\/uploads\/2024\/08\/e5f31721c347a9e80099b64b249014a4-1-scaled.jpg\" alt=\"e5f31721c347a9e80099b64b249014a4 1 scaled\"  \/>                        <\/div>\n                        <div class=\"project-content\">\n                                                            <div class=\"project-number\">03<\/div>\n                                                        <h3 class=\"h5 project-title\"><a href=\"#\"><\/a><\/h3>\n                            <p class=\"project-map\"><\/p>\n                        <\/div>\n                    <\/div>\n                <\/div>\n                                <div class=\"col-xxl-auto col-md-6\">\n                    <div class=\"project-box\">\n                        <div class=\"project-img\">\n                            <img decoding=\"async\" src=\"https:\/\/vintagemimarlik.com\/wp-content\/uploads\/2024\/08\/villa-mehcan-balayi-villasi-4_463.jpg\" alt=\"villa mehcan balayi villasi 4_463\"  \/>                        <\/div>\n                        <div class=\"project-content\">\n                                                            <div class=\"project-number\">04<\/div>\n                                                        <h3 class=\"h5 project-title\"><a href=\"#\"><\/a><\/h3>\n                            <p class=\"project-map\"><\/p>\n                        <\/div>\n                    <\/div>\n                <\/div>\n                            <\/div>\n\n        \t\t\t\t<\/div>\n\t\t\t\t<\/div>\n\t\t\t\t<div class=\"elementor-element elementor-element-cbd6432 elementor-widget elementor-widget-artrazarrows\" data-id=\"cbd6432\" data-element_type=\"widget\" data-widget_type=\"artrazarrows.default\">\n\t\t\t\t<div class=\"elementor-widget-container\">\n\t\t\t\t\t        \t\t\t<div class=\"icon-box style2\">\n\t\t\t\t<button data-slick-prev=\"#teamSlide1\" class=\"slick-arrow default\"><i class=\"fat fa-long-arrow-left\"><\/i><\/button>\n\t\t\t\t<button data-slick-next=\"#teamSlide1\" class=\"slick-arrow default\"><i class=\"fat fa-long-arrow-right\"><\/i><\/button>\n\t\t\t<\/div>\n        \t\t\t\t<\/div>\n\t\t\t\t<\/div>\n\t\t\t\t\t<\/div>\n\t\t\t\t<\/div>\n\t\t\t\t<\/div>\n\t\t","protected":false},"excerpt":{"rendered":"<p>\u00d6ZEL TASARIMLAR 01 02 03 04<\/p>\n","protected":false},"author":1,"featured_media":0,"parent":0,"menu_order":0,"comment_status":"closed","ping_status":"closed","template":"","meta":{"_joinchat":[],"footnotes":""},"class_list":["post-2601","page","type-page","status-publish","hentry"],"translation":{"provider":"WPGlobus","version":"3.0.0","language":"fr","enabled_languages":["en","es","de","fr","ru"],"languages":{"en":{"title":true,"content":true,"excerpt":false},"es":{"title":false,"content":false,"excerpt":false},"de":{"title":false,"content":false,"excerpt":false},"fr":{"title":false,"content":false,"excerpt":false},"ru":{"title":false,"content":false,"excerpt":false}}},"yoast_head":"<!-- This site is optimized with the Yoast SEO plugin v24.6 - https:\/\/yoast.com\/wordpress\/plugins\/seo\/ -->\n<title>\u00d6ZEL TASARIMLAR - Vintage Mimarl\u0131k<\/title>\n<meta name=\"robots\" content=\"index, follow, max-snippet:-1, max-image-preview:large, max-video-preview:-1\" \/>\n<link rel=\"canonical\" href=\"https:\/\/vintagemimarlik.com\/ozel-tasarimlar\/\" \/>\n<meta property=\"og:locale\" content=\"fr_FR\" \/>\n<meta property=\"og:type\" content=\"article\" \/>\n<meta property=\"og:title\" content=\"\u00d6ZEL TASARIMLAR - Vintage Mimarl\u0131k\" \/>\n<meta property=\"og:url\" content=\"https:\/\/vintagemimarlik.com\/ozel-tasarimlar\/\" \/>\n<meta property=\"og:site_name\" content=\"Vintage Mimarl\u0131k\" \/>\n<meta property=\"article:modified_time\" content=\"2024-08-31T12:09:42+00:00\" \/>\n<meta property=\"og:image\" content=\"https:\/\/vintagemimarlik.com\/wp-content\/uploads\/2024\/08\/0bbe2e74c27cbb8daf5628093191a354.jpg\" \/>\n<meta name=\"twitter:card\" content=\"summary_large_image\" \/>\n<meta name=\"twitter:label1\" content=\"Est. reading time\" \/>\n\t<meta name=\"twitter:data1\" content=\"3 minutes\" \/>\n<script type=\"application\/ld+json\" class=\"yoast-schema-graph\">{\"@context\":\"https:\/\/schema.org\",\"@graph\":[{\"@type\":\"WebPage\",\"@id\":\"https:\/\/vintagemimarlik.com\/ozel-tasarimlar\/\",\"url\":\"https:\/\/vintagemimarlik.com\/ozel-tasarimlar\/\",\"name\":\"\u00d6ZEL TASARIMLAR - Vintage Mimarl\u0131k\",\"isPartOf\":{\"@id\":\"https:\/\/vintagemimarlik.com\/#website\"},\"primaryImageOfPage\":{\"@id\":\"https:\/\/vintagemimarlik.com\/ozel-tasarimlar\/#primaryimage\"},\"image\":{\"@id\":\"https:\/\/vintagemimarlik.com\/ozel-tasarimlar\/#primaryimage\"},\"thumbnailUrl\":\"https:\/\/vintagemimarlik.com\/wp-content\/uploads\/2024\/08\/0bbe2e74c27cbb8daf5628093191a354.jpg\",\"datePublished\":\"2024-08-31T10:59:08+00:00\",\"dateModified\":\"2024-08-31T12:09:42+00:00\",\"breadcrumb\":{\"@id\":\"https:\/\/vintagemimarlik.com\/ozel-tasarimlar\/#breadcrumb\"},\"inLanguage\":\"fr-FR\",\"potentialAction\":[{\"@type\":\"ReadAction\",\"target\":[\"https:\/\/vintagemimarlik.com\/ozel-tasarimlar\/\"]}]},{\"@type\":\"ImageObject\",\"inLanguage\":\"fr-FR\",\"@id\":\"https:\/\/vintagemimarlik.com\/ozel-tasarimlar\/#primaryimage\",\"url\":\"https:\/\/vintagemimarlik.com\/wp-content\/uploads\/2024\/08\/0bbe2e74c27cbb8daf5628093191a354.jpg\",\"contentUrl\":\"https:\/\/vintagemimarlik.com\/wp-content\/uploads\/2024\/08\/0bbe2e74c27cbb8daf5628093191a354.jpg\"},{\"@type\":\"BreadcrumbList\",\"@id\":\"https:\/\/vintagemimarlik.com\/ozel-tasarimlar\/#breadcrumb\",\"itemListElement\":[{\"@type\":\"ListItem\",\"position\":1,\"name\":\"Anasayfa\",\"item\":\"https:\/\/vintagemimarlik.com\/\"},{\"@type\":\"ListItem\",\"position\":2,\"name\":\"\u00d6ZEL TASARIMLAR\"}]},{\"@type\":\"WebSite\",\"@id\":\"https:\/\/vintagemimarlik.com\/#website\",\"url\":\"https:\/\/vintagemimarlik.com\/\",\"name\":\"Vintage Mimarl\u0131k\",\"description\":\"Mimar\u0131 Tasar\u0131m\u0131n Adresi\",\"publisher\":{\"@id\":\"https:\/\/vintagemimarlik.com\/#organization\"},\"potentialAction\":[{\"@type\":\"SearchAction\",\"target\":{\"@type\":\"EntryPoint\",\"urlTemplate\":\"https:\/\/vintagemimarlik.com\/?s={search_term_string}\"},\"query-input\":{\"@type\":\"PropertyValueSpecification\",\"valueRequired\":true,\"valueName\":\"search_term_string\"}}],\"inLanguage\":\"fr-FR\"},{\"@type\":\"Organization\",\"@id\":\"https:\/\/vintagemimarlik.com\/#organization\",\"name\":\"Vintage Mimarl\u0131k\",\"url\":\"https:\/\/vintagemimarlik.com\/\",\"logo\":{\"@type\":\"ImageObject\",\"inLanguage\":\"fr-FR\",\"@id\":\"https:\/\/vintagemimarlik.com\/#\/schema\/logo\/image\/\",\"url\":\"https:\/\/vintagemimarlik.com\/wp-content\/uploads\/2024\/08\/cropped-efba9e2b-1c75-4c19-b685-154d6e8dd21e-removebg-preview-e1724067119183.png\",\"contentUrl\":\"https:\/\/vintagemimarlik.com\/wp-content\/uploads\/2024\/08\/cropped-efba9e2b-1c75-4c19-b685-154d6e8dd21e-removebg-preview-e1724067119183.png\",\"width\":243,\"height\":87,\"caption\":\"Vintage Mimarl\u0131k\"},\"image\":{\"@id\":\"https:\/\/vintagemimarlik.com\/#\/schema\/logo\/image\/\"}}]}<\/script>\n<!-- \/ Yoast SEO plugin. -->","yoast_head_json":{"title":"\u00d6ZEL TASARIMLAR - Vintage Mimarl\u0131k","robots":{"index":"index","follow":"follow","max-snippet":"max-snippet:-1","max-image-preview":"max-image-preview:large","max-video-preview":"max-video-preview:-1"},"canonical":"https:\/\/vintagemimarlik.com\/ozel-tasarimlar\/","og_locale":"fr_FR","og_type":"article","og_title":"\u00d6ZEL TASARIMLAR - Vintage Mimarl\u0131k","og_url":"https:\/\/vintagemimarlik.com\/ozel-tasarimlar\/","og_site_name":"Vintage Mimarl\u0131k","article_modified_time":"2024-08-31T12:09:42+00:00","og_image":[{"url":"https:\/\/vintagemimarlik.com\/wp-content\/uploads\/2024\/08\/0bbe2e74c27cbb8daf5628093191a354.jpg","type":"","width":"","height":""}],"twitter_card":"summary_large_image","twitter_misc":{"Est. reading time":"3 minutes"},"schema":{"@context":"https:\/\/schema.org","@graph":[{"@type":"WebPage","@id":"https:\/\/vintagemimarlik.com\/ozel-tasarimlar\/","url":"https:\/\/vintagemimarlik.com\/ozel-tasarimlar\/","name":"\u00d6ZEL TASARIMLAR - Vintage Mimarl\u0131k","isPartOf":{"@id":"https:\/\/vintagemimarlik.com\/#website"},"primaryImageOfPage":{"@id":"https:\/\/vintagemimarlik.com\/ozel-tasarimlar\/#primaryimage"},"image":{"@id":"https:\/\/vintagemimarlik.com\/ozel-tasarimlar\/#primaryimage"},"thumbnailUrl":"https:\/\/vintagemimarlik.com\/wp-content\/uploads\/2024\/08\/0bbe2e74c27cbb8daf5628093191a354.jpg","datePublished":"2024-08-31T10:59:08+00:00","dateModified":"2024-08-31T12:09:42+00:00","breadcrumb":{"@id":"https:\/\/vintagemimarlik.com\/ozel-tasarimlar\/#breadcrumb"},"inLanguage":"fr-FR","potentialAction":[{"@type":"ReadAction","target":["https:\/\/vintagemimarlik.com\/ozel-tasarimlar\/"]}]},{"@type":"ImageObject","inLanguage":"fr-FR","@id":"https:\/\/vintagemimarlik.com\/ozel-tasarimlar\/#primaryimage","url":"https:\/\/vintagemimarlik.com\/wp-content\/uploads\/2024\/08\/0bbe2e74c27cbb8daf5628093191a354.jpg","contentUrl":"https:\/\/vintagemimarlik.com\/wp-content\/uploads\/2024\/08\/0bbe2e74c27cbb8daf5628093191a354.jpg"},{"@type":"BreadcrumbList","@id":"https:\/\/vintagemimarlik.com\/ozel-tasarimlar\/#breadcrumb","itemListElement":[{"@type":"ListItem","position":1,"name":"Anasayfa","item":"https:\/\/vintagemimarlik.com\/"},{"@type":"ListItem","position":2,"name":"\u00d6ZEL TASARIMLAR"}]},{"@type":"WebSite","@id":"https:\/\/vintagemimarlik.com\/#website","url":"https:\/\/vintagemimarlik.com\/","name":"Vintage Mimarl\u0131k","description":"Mimar\u0131 Tasar\u0131m\u0131n Adresi","publisher":{"@id":"https:\/\/vintagemimarlik.com\/#organization"},"potentialAction":[{"@type":"SearchAction","target":{"@type":"EntryPoint","urlTemplate":"https:\/\/vintagemimarlik.com\/?s={search_term_string}"},"query-input":{"@type":"PropertyValueSpecification","valueRequired":true,"valueName":"search_term_string"}}],"inLanguage":"fr-FR"},{"@type":"Organization","@id":"https:\/\/vintagemimarlik.com\/#organization","name":"Vintage Mimarl\u0131k","url":"https:\/\/vintagemimarlik.com\/","logo":{"@type":"ImageObject","inLanguage":"fr-FR","@id":"https:\/\/vintagemimarlik.com\/#\/schema\/logo\/image\/","url":"https:\/\/vintagemimarlik.com\/wp-content\/uploads\/2024\/08\/cropped-efba9e2b-1c75-4c19-b685-154d6e8dd21e-removebg-preview-e1724067119183.png","contentUrl":"https:\/\/vintagemimarlik.com\/wp-content\/uploads\/2024\/08\/cropped-efba9e2b-1c75-4c19-b685-154d6e8dd21e-removebg-preview-e1724067119183.png","width":243,"height":87,"caption":"Vintage Mimarl\u0131k"},"image":{"@id":"https:\/\/vintagemimarlik.com\/#\/schema\/logo\/image\/"}}]}},"_links":{"self":[{"href":"https:\/\/vintagemimarlik.com\/fr\/wp-json\/wp\/v2\/pages\/2601","targetHints":{"allow":["GET"]}}],"collection":[{"href":"https:\/\/vintagemimarlik.com\/fr\/wp-json\/wp\/v2\/pages"}],"about":[{"href":"https:\/\/vintagemimarlik.com\/fr\/wp-json\/wp\/v2\/types\/page"}],"author":[{"embeddable":true,"href":"https:\/\/vintagemimarlik.com\/fr\/wp-json\/wp\/v2\/users\/1"}],"replies":[{"embeddable":true,"href":"https:\/\/vintagemimarlik.com\/fr\/wp-json\/wp\/v2\/comments?post=2601"}],"version-history":[{"count":7,"href":"https:\/\/vintagemimarlik.com\/fr\/wp-json\/wp\/v2\/pages\/2601\/revisions"}],"predecessor-version":[{"id":2621,"href":"https:\/\/vintagemimarlik.com\/fr\/wp-json\/wp\/v2\/pages\/2601\/revisions\/2621"}],"wp:attachment":[{"href":"https:\/\/vintagemimarlik.com\/fr\/wp-json\/wp\/v2\/media?parent=2601"}],"curies":[{"name":"wp","href":"https:\/\/api.w.org\/{rel}","templated":true}]}}