{"id":41,"date":"2023-09-24T05:51:36","date_gmt":"2023-09-24T05:51:36","guid":{"rendered":"https:\/\/themeholy.com\/wordpress\/artraz\/?page_id=41"},"modified":"2023-09-24T05:51:36","modified_gmt":"2023-09-24T05:51:36","slug":"team-details","status":"publish","type":"page","link":"https:\/\/vintagemimarlik.com\/fr\/team-details\/","title":{"rendered":"Team Details"},"content":{"rendered":"\t\t<div data-elementor-type=\"wp-page\" data-elementor-id=\"41\" class=\"elementor elementor-41\">\n\t\t\t\t<div class=\"elementor-element elementor-element-9d930ed e-flex e-con-boxed e-con e-parent\" data-id=\"9d930ed\" data-element_type=\"container\">\n\t\t\t\t\t<div class=\"e-con-inner\">\n\t\t<div class=\"elementor-element elementor-element-c40c7bd e-con-full e-flex e-con e-child\" data-id=\"c40c7bd\" data-element_type=\"container\">\n\t\t<div class=\"elementor-element elementor-element-ce5ef6d e-con-full animated-slow e-flex elementor-invisible e-con e-child\" data-id=\"ce5ef6d\" data-element_type=\"container\" data-settings=\"{&quot;animation&quot;:&quot;slideInUp&quot;}\">\n\t\t\t\t<div class=\"elementor-element elementor-element-bbfc890 elementor-widget elementor-widget-image\" data-id=\"bbfc890\" data-element_type=\"widget\" data-widget_type=\"image.default\">\n\t\t\t\t<div class=\"elementor-widget-container\">\n\t\t\t\t\t\t\t\t\t\t\t\t\t\t\t<img decoding=\"async\" src=\"https:\/\/themeholy.com\/wordpress\/artraz\/wp-content\/uploads\/2023\/09\/team_details.jpg\" title=\"\" alt=\"\" loading=\"lazy\" \/>\t\t\t\t\t\t\t\t\t\t\t\t\t\t\t<\/div>\n\t\t\t\t<\/div>\n\t\t\t\t<\/div>\n\t\t<div class=\"elementor-element elementor-element-0caea55 e-con-full animated-slow e-flex elementor-invisible e-con e-child\" data-id=\"0caea55\" data-element_type=\"container\" data-settings=\"{&quot;animation&quot;:&quot;slideInUp&quot;}\">\n\t\t\t\t<div class=\"elementor-element elementor-element-7847fcc elementor-widget elementor-widget-artrazteaminfo\" data-id=\"7847fcc\" data-element_type=\"widget\" data-widget_type=\"artrazteaminfo.default\">\n\t\t\t\t<div class=\"elementor-widget-container\">\n\t\t\t\t\t    \t\n\t\t\t<div class=\"team-about\">\n\t\t\t\t<h2 class=\"h3 team-about_title\">Stive Jonson <span class=\"team-about_desig\">Founder &amp; CEO<\/span><\/h2>\n\t\t\t\t<div class=\"social-box\">\n\t\t\t\t\t\t\t\t\t\t<div class=\"th-social\">\n\t\t\t\t\t\t\t\t\t\t\t\t\t<a  href=\"https:\/\/facebook.com\/\"><i class=\"fab fa-facebook-f\"><\/i><\/a>\n\t\t\t\t\t\t\n\t\t\t\t\t\t\t\t\t\t\t\t\t<a   href=\"https:\/\/skype.com\/\"><i class=\"fab fa-skype\"><\/i><\/a>\n\t\t\t\t\t\t\n\t\t\t\t\t\t\t\t\t\t\t\t\t<a   href=\"https:\/\/twitter.com\/\"><i class=\"fab fa-twitter\"><\/i><\/a>\n\t\t\t\t\t\t\n\t\t\t\t\t\t\n\t\t\t\t\t\t\t\t\t\t\t<\/div>\n\t\t\t\t<\/div>\n\t\t\t\t<p class=\"mb-20\">Proin eleifend venenatis est eu ornare. Ut at finibus nibh, sit amet sagittis ante. In iaculis facilisis ultrices. Quisque ut pellentesque augue, vel feugiat ligula. Duis bibendum nulla vitae molestie varius. Mauris eu velit volutpat, porta mi nec, vehicula urna. Etiam aliquet massa mi, vel lacinia tortor dignissim et. Integer pulvinar neque non elit finibus ornare. Cras faucibus, felis et porttitor molestie, sem tellus mollis odio, et imperdiet lacus turpis eu ante. Curabitur ultricies elit ante, in aliquam felis mollis eu.Phasellus euismod nisi id velit egestas, vel pretium nisl blandit. Quisque non mollis odio, ac bibendum tortor.<\/p>\n<p class=\"mb-25\">Duis varius eros at nunc scelerisque auctor. Phasellus euismod nisi id velit egestas, vel pretium nisl blandit. Quisque non mollis odio, ac bibendum tortor. Aliquam consequat eget nisl ut euismod. Nullam non scelerisque quam. Curabitur at porta diam. Maecenas ac est ultrices leo rhoncus iaculis quis id purus. Fusce efficitur laoreet congue. Cras eget lectus ligula. Morbi nec arcu egestas, pretium mi vel, finibus ligula. Vivamus tortor mauris, semper vel ultrices nec, finibus.<\/p>\t\t\t\t<div class=\"inner-list mb-40\">\n\t\t\t\t\t<ol>\n \t<li>Architecture the inila duman aten fermen.<\/li>\n \t<li>The design architecture duiman finibus.<\/li>\n \t<li>Placus udeane sene voice miss cuse aten.<\/li>\n<\/ol>\t\t\t\t<\/div>\n\t\t\t\t\t\t\t\t<a href=\"https:\/\/themeholy.com\/wordpress\/artraz\/contact\/\" class=\"th-btn btn\"><span class=\"line left\"><\/span>  Quick Contact  <span class=\"line\"><\/span><\/a>\n                \t\t\t<\/div>\n\n    \t\t\t\t\t<\/div>\n\t\t\t\t<\/div>\n\t\t\t\t<\/div>\n\t\t\t\t<\/div>\n\t\t<div class=\"elementor-element elementor-element-a0e3c61 e-con-full e-flex e-con e-child\" data-id=\"a0e3c61\" data-element_type=\"container\">\n\t\t<div class=\"elementor-element elementor-element-0e05432 e-con-full animated-slow e-flex elementor-invisible e-con e-child\" data-id=\"0e05432\" data-element_type=\"container\" data-settings=\"{&quot;animation&quot;:&quot;slideInUp&quot;}\">\n\t\t\t\t<div class=\"elementor-element elementor-element-a39b2ce elementor-widget elementor-widget-heading\" data-id=\"a39b2ce\" data-element_type=\"widget\" data-widget_type=\"heading.default\">\n\t\t\t\t<div class=\"elementor-widget-container\">\n\t\t\t\t\t<h5 class=\"elementor-heading-title elementor-size-default\">My Skills:<\/h5>\t\t\t\t<\/div>\n\t\t\t\t<\/div>\n\t\t\t\t<div class=\"elementor-element elementor-element-91b2566 elementor-widget elementor-widget-artrazskill\" data-id=\"91b2566\" data-element_type=\"widget\" data-widget_type=\"artrazskill.default\">\n\t\t\t\t<div class=\"elementor-widget-container\">\n\t\t\t\t\t\n                    <div class=\"skill-feature\">\n            <p class=\"skill-feature_title\">Architect<\/p>\n            <div class=\"progress\">\n                <div class=\"progress-bar\" style=\"width: 80%;\">\n                    <p class=\"progress-value\">80%<\/p>\n                <\/div>\n            <\/div>\n        <\/div>\n                <div class=\"skill-feature\">\n            <p class=\"skill-feature_title\">Interior design<\/p>\n            <div class=\"progress\">\n                <div class=\"progress-bar\" style=\"width: 70%;\">\n                    <p class=\"progress-value\">70%<\/p>\n                <\/div>\n            <\/div>\n        <\/div>\n                <div class=\"skill-feature\">\n            <p class=\"skill-feature_title\">3D Design<\/p>\n            <div class=\"progress\">\n                <div class=\"progress-bar\" style=\"width: 60%;\">\n                    <p class=\"progress-value\">60%<\/p>\n                <\/div>\n            <\/div>\n        <\/div>\n                \n    \t\t\t\t<\/div>\n\t\t\t\t<\/div>\n\t\t\t\t<\/div>\n\t\t<div class=\"elementor-element elementor-element-a894b7a e-con-full animated-slow e-flex elementor-invisible e-con e-child\" data-id=\"a894b7a\" data-element_type=\"container\" data-settings=\"{&quot;animation&quot;:&quot;slideInUp&quot;}\">\n\t\t\t\t<div class=\"elementor-element elementor-element-2b372e2 elementor-widget elementor-widget-heading\" data-id=\"2b372e2\" data-element_type=\"widget\" data-widget_type=\"heading.default\">\n\t\t\t\t<div class=\"elementor-widget-container\">\n\t\t\t\t\t<h5 class=\"elementor-heading-title elementor-size-default\">Key Factors:<\/h5>\t\t\t\t<\/div>\n\t\t\t\t<\/div>\n\t\t\t\t<div class=\"elementor-element elementor-element-0d4e2ca elementor-widget elementor-widget-text-editor\" data-id=\"0d4e2ca\" data-element_type=\"widget\" data-widget_type=\"text-editor.default\">\n\t\t\t\t<div class=\"elementor-widget-container\">\n\t\t\t\t\t\t\t\t\t<div class=\"inner-list\">\n<ol>\n \t<li>Architecture the inila duman aten fermen.<\/li>\n \t<li>The design architecture duiman finibus.<\/li>\n \t<li>Placus udeane sene voice miss cuse aten.<\/li>\n \t<li>Architecture the inila duman aten fermen.<\/li>\n \t<li>The design architecture duiman finibus.<\/li>\n \t<li>Placus udeane sene voice miss cuse aten.<\/li>\n<\/ol>\n<\/div>\t\t\t\t\t\t\t\t<\/div>\n\t\t\t\t<\/div>\n\t\t\t\t<\/div>\n\t\t\t\t<\/div>\n\t\t\t\t\t<\/div>\n\t\t\t\t<\/div>\n\t\t<div class=\"elementor-element elementor-element-cac8b32 animated-slow e-flex e-con-boxed elementor-invisible e-con e-parent\" data-id=\"cac8b32\" data-element_type=\"container\" data-settings=\"{&quot;animation&quot;:&quot;slideInUp&quot;}\">\n\t\t\t\t\t<div class=\"e-con-inner\">\n\t\t\t\t<div class=\"elementor-element elementor-element-503e8eb elementor-widget elementor-widget-artraztestimonialslider\" data-id=\"503e8eb\" data-element_type=\"widget\" data-widget_type=\"artraztestimonialslider.default\">\n\t\t\t\t<div class=\"elementor-widget-container\">\n\t\t\t\t\t\t\t            <div class=\"testi-card-wrap\">\n                <div class=\"row testi-card-slide th-carousel\" id=\"testiSlide2\" data-slide-show=\"1\" data-fade=\"true\">\n                                        <div class=\"col-12\">\n                        <div class=\"testi-card\">\n                            <div class=\"testi-card_img\">\n                                <img decoding=\"async\" src=\"https:\/\/themeholy.com\/wordpress\/artraz\/wp-content\/uploads\/2023\/09\/testi_2_1.jpg\" alt=\"testi_2_1\"  \/>                                <div class=\"testi-card_icon\">\n                                    <img decoding=\"async\" src=\"https:\/\/themeholy.com\/wordpress\/artraz\/wp-content\/uploads\/2023\/09\/testi_icon_2.svg\" alt=\"testi_icon_2\"  \/>                                <\/div>\n                            <\/div>\n                            <div class=\"testi-card_content\">\n                                                                    <p class=\"h3 testi-card_text testi-text\">Each penny at Baroque is completed committed, educated, and supportive. The unimaginably item was delightful, and worth each penny. I would totally suggest educate<\/p>\n                                                                \t\t\t\t\t\t\t\t\t<h6 class=\"testi-card_desig\">CEO at   <span class=\"text-theme\"> Just Awesome <\/span><\/h6>\n\t\t\t                                                <\/div>\n                        <\/div>\n                    <\/div>\n                                        <div class=\"col-12\">\n                        <div class=\"testi-card\">\n                            <div class=\"testi-card_img\">\n                                <img decoding=\"async\" src=\"https:\/\/themeholy.com\/wordpress\/artraz\/wp-content\/uploads\/2023\/09\/testi_2_2.jpg\" alt=\"testi_2_2\"  \/>                                <div class=\"testi-card_icon\">\n                                    <img decoding=\"async\" src=\"https:\/\/themeholy.com\/wordpress\/artraz\/wp-content\/uploads\/2023\/09\/testi_icon_2.svg\" alt=\"testi_icon_2\"  \/>                                <\/div>\n                            <\/div>\n                            <div class=\"testi-card_content\">\n                                                                    <p class=\"h3 testi-card_text testi-text\">Worth each at Baroque is unimaginably committ, educated, and supportive. The completed item was delightful, and worth each penny. I would totally suggest committ<\/p>\n                                                                \t\t\t\t\t\t\t\t\t<h6 class=\"testi-card_desig\">Director at <span class=\"text-theme\"> Kunfango<\/span><\/h6>\n\t\t\t                                                <\/div>\n                        <\/div>\n                    <\/div>\n                                        <div class=\"col-12\">\n                        <div class=\"testi-card\">\n                            <div class=\"testi-card_img\">\n                                <img decoding=\"async\" src=\"https:\/\/themeholy.com\/wordpress\/artraz\/wp-content\/uploads\/2023\/09\/testi_2_3.jpg\" alt=\"testi_2_3\"  \/>                                <div class=\"testi-card_icon\">\n                                    <img decoding=\"async\" src=\"https:\/\/themeholy.com\/wordpress\/artraz\/wp-content\/uploads\/2023\/09\/testi_icon_2.svg\" alt=\"testi_icon_2\"  \/>                                <\/div>\n                            <\/div>\n                            <div class=\"testi-card_content\">\n                                                                    <p class=\"h3 testi-card_text testi-text\">Educated at Baroque is supportive committed, educated, and unimaginably. The completed item was delightful, and worth each penny. I would totally suggest complete<\/p>\n                                                                \t\t\t\t\t\t\t\t\t<h6 class=\"testi-card_desig\">Manager at <span class=\"text-theme\"> Jangalok<\/span><\/h6>\n\t\t\t                                                <\/div>\n                        <\/div>\n                    <\/div>\n                                    <\/div>\n                <div class=\"icon-box\">\n                    <button data-slick-prev=\"#testiSlide2\" class=\"slick-arrow default\"><i class=\"fat fa-long-arrow-left\"><\/i><\/button>\n                    <button data-slick-next=\"#testiSlide2\" class=\"slick-arrow default\"><i class=\"fat fa-long-arrow-right\"><\/i><\/button>\n                <\/div>\n            <\/div>\n        \t\t\t\t<\/div>\n\t\t\t\t<\/div>\n\t\t\t\t\t<\/div>\n\t\t\t\t<\/div>\n\t\t\t\t<\/div>\n\t\t","protected":false},"excerpt":{"rendered":"<p>Stive Jonson Founder &amp; CEO Proin eleifend venenatis est eu ornare. Ut at finibus nibh, sit amet sagittis ante. In iaculis facilisis ultrices. Quisque ut pellentesque augue, vel feugiat ligula. Duis bibendum nulla vitae molestie varius. Mauris eu velit volutpat, porta mi nec, vehicula urna. Etiam aliquet massa mi, vel lacinia tortor dignissim et. Integer&#8230;<\/p>\n","protected":false},"author":1,"featured_media":0,"parent":0,"menu_order":0,"comment_status":"closed","ping_status":"closed","template":"template-builder.php","meta":{"_joinchat":[],"footnotes":""},"class_list":["post-41","page","type-page","status-publish","hentry"],"translation":{"provider":"WPGlobus","version":"3.0.0","language":"fr","enabled_languages":["en","es","de","fr","ru"],"languages":{"en":{"title":true,"content":true,"excerpt":false},"es":{"title":false,"content":false,"excerpt":false},"de":{"title":false,"content":false,"excerpt":false},"fr":{"title":false,"content":false,"excerpt":false},"ru":{"title":false,"content":false,"excerpt":false}}},"yoast_head":"<!-- This site is optimized with the Yoast SEO plugin v24.6 - https:\/\/yoast.com\/wordpress\/plugins\/seo\/ -->\n<title>Team Details - Vintage Mimarl\u0131k<\/title>\n<meta name=\"robots\" content=\"index, follow, max-snippet:-1, max-image-preview:large, max-video-preview:-1\" \/>\n<link rel=\"canonical\" href=\"https:\/\/vintagemimarlik.com\/team-details\/\" \/>\n<meta property=\"og:locale\" content=\"fr_FR\" \/>\n<meta property=\"og:type\" content=\"article\" \/>\n<meta property=\"og:title\" content=\"Team Details - Vintage Mimarl\u0131k\" \/>\n<meta property=\"og:url\" content=\"https:\/\/vintagemimarlik.com\/team-details\/\" \/>\n<meta property=\"og:site_name\" content=\"Vintage Mimarl\u0131k\" \/>\n<meta property=\"og:image\" content=\"https:\/\/themeholy.com\/wordpress\/artraz\/wp-content\/uploads\/2023\/09\/team_details.jpg\" \/>\n<meta name=\"twitter:card\" content=\"summary_large_image\" \/>\n<meta name=\"twitter:label1\" content=\"Est. reading time\" \/>\n\t<meta name=\"twitter:data1\" content=\"2 minutes\" \/>\n<script type=\"application\/ld+json\" class=\"yoast-schema-graph\">{\"@context\":\"https:\/\/schema.org\",\"@graph\":[{\"@type\":\"WebPage\",\"@id\":\"https:\/\/vintagemimarlik.com\/team-details\/\",\"url\":\"https:\/\/vintagemimarlik.com\/team-details\/\",\"name\":\"Team Details - Vintage Mimarl\u0131k\",\"isPartOf\":{\"@id\":\"https:\/\/vintagemimarlik.com\/#website\"},\"primaryImageOfPage\":{\"@id\":\"https:\/\/vintagemimarlik.com\/team-details\/#primaryimage\"},\"image\":{\"@id\":\"https:\/\/vintagemimarlik.com\/team-details\/#primaryimage\"},\"thumbnailUrl\":\"https:\/\/themeholy.com\/wordpress\/artraz\/wp-content\/uploads\/2023\/09\/team_details.jpg\",\"datePublished\":\"2023-09-24T05:51:36+00:00\",\"breadcrumb\":{\"@id\":\"https:\/\/vintagemimarlik.com\/team-details\/#breadcrumb\"},\"inLanguage\":\"fr-FR\",\"potentialAction\":[{\"@type\":\"ReadAction\",\"target\":[\"https:\/\/vintagemimarlik.com\/team-details\/\"]}]},{\"@type\":\"ImageObject\",\"inLanguage\":\"fr-FR\",\"@id\":\"https:\/\/vintagemimarlik.com\/team-details\/#primaryimage\",\"url\":\"https:\/\/themeholy.com\/wordpress\/artraz\/wp-content\/uploads\/2023\/09\/team_details.jpg\",\"contentUrl\":\"https:\/\/themeholy.com\/wordpress\/artraz\/wp-content\/uploads\/2023\/09\/team_details.jpg\"},{\"@type\":\"BreadcrumbList\",\"@id\":\"https:\/\/vintagemimarlik.com\/team-details\/#breadcrumb\",\"itemListElement\":[{\"@type\":\"ListItem\",\"position\":1,\"name\":\"Anasayfa\",\"item\":\"https:\/\/vintagemimarlik.com\/\"},{\"@type\":\"ListItem\",\"position\":2,\"name\":\"Team Details\"}]},{\"@type\":\"WebSite\",\"@id\":\"https:\/\/vintagemimarlik.com\/#website\",\"url\":\"https:\/\/vintagemimarlik.com\/\",\"name\":\"Vintage Mimarl\u0131k\",\"description\":\"Mimar\u0131 Tasar\u0131m\u0131n Adresi\",\"publisher\":{\"@id\":\"https:\/\/vintagemimarlik.com\/#organization\"},\"potentialAction\":[{\"@type\":\"SearchAction\",\"target\":{\"@type\":\"EntryPoint\",\"urlTemplate\":\"https:\/\/vintagemimarlik.com\/?s={search_term_string}\"},\"query-input\":{\"@type\":\"PropertyValueSpecification\",\"valueRequired\":true,\"valueName\":\"search_term_string\"}}],\"inLanguage\":\"fr-FR\"},{\"@type\":\"Organization\",\"@id\":\"https:\/\/vintagemimarlik.com\/#organization\",\"name\":\"Vintage Mimarl\u0131k\",\"url\":\"https:\/\/vintagemimarlik.com\/\",\"logo\":{\"@type\":\"ImageObject\",\"inLanguage\":\"fr-FR\",\"@id\":\"https:\/\/vintagemimarlik.com\/#\/schema\/logo\/image\/\",\"url\":\"https:\/\/vintagemimarlik.com\/wp-content\/uploads\/2024\/08\/cropped-efba9e2b-1c75-4c19-b685-154d6e8dd21e-removebg-preview-e1724067119183.png\",\"contentUrl\":\"https:\/\/vintagemimarlik.com\/wp-content\/uploads\/2024\/08\/cropped-efba9e2b-1c75-4c19-b685-154d6e8dd21e-removebg-preview-e1724067119183.png\",\"width\":243,\"height\":87,\"caption\":\"Vintage Mimarl\u0131k\"},\"image\":{\"@id\":\"https:\/\/vintagemimarlik.com\/#\/schema\/logo\/image\/\"}}]}<\/script>\n<!-- \/ Yoast SEO plugin. -->","yoast_head_json":{"title":"Team Details - Vintage Mimarl\u0131k","robots":{"index":"index","follow":"follow","max-snippet":"max-snippet:-1","max-image-preview":"max-image-preview:large","max-video-preview":"max-video-preview:-1"},"canonical":"https:\/\/vintagemimarlik.com\/team-details\/","og_locale":"fr_FR","og_type":"article","og_title":"Team Details - Vintage Mimarl\u0131k","og_url":"https:\/\/vintagemimarlik.com\/team-details\/","og_site_name":"Vintage Mimarl\u0131k","og_image":[{"url":"https:\/\/themeholy.com\/wordpress\/artraz\/wp-content\/uploads\/2023\/09\/team_details.jpg","type":"","width":"","height":""}],"twitter_card":"summary_large_image","twitter_misc":{"Est. reading time":"2 minutes"},"schema":{"@context":"https:\/\/schema.org","@graph":[{"@type":"WebPage","@id":"https:\/\/vintagemimarlik.com\/team-details\/","url":"https:\/\/vintagemimarlik.com\/team-details\/","name":"Team Details - Vintage Mimarl\u0131k","isPartOf":{"@id":"https:\/\/vintagemimarlik.com\/#website"},"primaryImageOfPage":{"@id":"https:\/\/vintagemimarlik.com\/team-details\/#primaryimage"},"image":{"@id":"https:\/\/vintagemimarlik.com\/team-details\/#primaryimage"},"thumbnailUrl":"https:\/\/themeholy.com\/wordpress\/artraz\/wp-content\/uploads\/2023\/09\/team_details.jpg","datePublished":"2023-09-24T05:51:36+00:00","breadcrumb":{"@id":"https:\/\/vintagemimarlik.com\/team-details\/#breadcrumb"},"inLanguage":"fr-FR","potentialAction":[{"@type":"ReadAction","target":["https:\/\/vintagemimarlik.com\/team-details\/"]}]},{"@type":"ImageObject","inLanguage":"fr-FR","@id":"https:\/\/vintagemimarlik.com\/team-details\/#primaryimage","url":"https:\/\/themeholy.com\/wordpress\/artraz\/wp-content\/uploads\/2023\/09\/team_details.jpg","contentUrl":"https:\/\/themeholy.com\/wordpress\/artraz\/wp-content\/uploads\/2023\/09\/team_details.jpg"},{"@type":"BreadcrumbList","@id":"https:\/\/vintagemimarlik.com\/team-details\/#breadcrumb","itemListElement":[{"@type":"ListItem","position":1,"name":"Anasayfa","item":"https:\/\/vintagemimarlik.com\/"},{"@type":"ListItem","position":2,"name":"Team Details"}]},{"@type":"WebSite","@id":"https:\/\/vintagemimarlik.com\/#website","url":"https:\/\/vintagemimarlik.com\/","name":"Vintage Mimarl\u0131k","description":"Mimar\u0131 Tasar\u0131m\u0131n Adresi","publisher":{"@id":"https:\/\/vintagemimarlik.com\/#organization"},"potentialAction":[{"@type":"SearchAction","target":{"@type":"EntryPoint","urlTemplate":"https:\/\/vintagemimarlik.com\/?s={search_term_string}"},"query-input":{"@type":"PropertyValueSpecification","valueRequired":true,"valueName":"search_term_string"}}],"inLanguage":"fr-FR"},{"@type":"Organization","@id":"https:\/\/vintagemimarlik.com\/#organization","name":"Vintage Mimarl\u0131k","url":"https:\/\/vintagemimarlik.com\/","logo":{"@type":"ImageObject","inLanguage":"fr-FR","@id":"https:\/\/vintagemimarlik.com\/#\/schema\/logo\/image\/","url":"https:\/\/vintagemimarlik.com\/wp-content\/uploads\/2024\/08\/cropped-efba9e2b-1c75-4c19-b685-154d6e8dd21e-removebg-preview-e1724067119183.png","contentUrl":"https:\/\/vintagemimarlik.com\/wp-content\/uploads\/2024\/08\/cropped-efba9e2b-1c75-4c19-b685-154d6e8dd21e-removebg-preview-e1724067119183.png","width":243,"height":87,"caption":"Vintage Mimarl\u0131k"},"image":{"@id":"https:\/\/vintagemimarlik.com\/#\/schema\/logo\/image\/"}}]}},"_links":{"self":[{"href":"https:\/\/vintagemimarlik.com\/fr\/wp-json\/wp\/v2\/pages\/41","targetHints":{"allow":["GET"]}}],"collection":[{"href":"https:\/\/vintagemimarlik.com\/fr\/wp-json\/wp\/v2\/pages"}],"about":[{"href":"https:\/\/vintagemimarlik.com\/fr\/wp-json\/wp\/v2\/types\/page"}],"author":[{"embeddable":true,"href":"https:\/\/vintagemimarlik.com\/fr\/wp-json\/wp\/v2\/users\/1"}],"replies":[{"embeddable":true,"href":"https:\/\/vintagemimarlik.com\/fr\/wp-json\/wp\/v2\/comments?post=41"}],"version-history":[{"count":0,"href":"https:\/\/vintagemimarlik.com\/fr\/wp-json\/wp\/v2\/pages\/41\/revisions"}],"wp:attachment":[{"href":"https:\/\/vintagemimarlik.com\/fr\/wp-json\/wp\/v2\/media?parent=41"}],"curies":[{"name":"wp","href":"https:\/\/api.w.org\/{rel}","templated":true}]}}